{"id":1080,"date":"2023-12-08T00:54:10","date_gmt":"2023-12-08T00:54:10","guid":{"rendered":"https:\/\/kemenyfej.hu\/?page_id=1080"},"modified":"2024-01-15T06:02:31","modified_gmt":"2024-01-15T06:02:31","slug":"gdpr","status":"publish","type":"page","link":"https:\/\/parkoljcsendesen.hu\/en\/gdpr\/","title":{"rendered":"GDPR"},"content":{"rendered":"<div data-elementor-type=\"wp-page\" data-elementor-id=\"1080\" class=\"elementor elementor-1080\" data-elementor-post-type=\"page\">\n\t\t\t\t\t\t<section class=\"elementor-section elementor-top-section elementor-element elementor-element-76698d78 elementor-section-stretched elementor-section-boxed elementor-section-height-default elementor-section-height-default\" data-id=\"76698d78\" data-element_type=\"section\" data-e-type=\"section\" data-settings=\"{&quot;background_background&quot;:&quot;classic&quot;,&quot;stretch_section&quot;:&quot;section-stretched&quot;}\">\n\t\t\t\t\t\t<div class=\"elementor-container elementor-column-gap-default\">\n\t\t\t\t\t<div class=\"elementor-column elementor-col-100 elementor-top-column elementor-element elementor-element-1cff941b\" data-id=\"1cff941b\" data-element_type=\"column\" data-e-type=\"column\">\n\t\t\t<div class=\"elementor-widget-wrap\">\n\t\t\t\t\t\t\t<\/div>\n\t\t<\/div>\n\t\t\t\t\t<\/div>\n\t\t<\/section>\n\t\t\t\t<section class=\"elementor-section elementor-top-section elementor-element elementor-element-5e5c9c43 elementor-section-boxed elementor-section-height-default elementor-section-height-default\" data-id=\"5e5c9c43\" data-element_type=\"section\" data-e-type=\"section\" data-settings=\"{&quot;background_background&quot;:&quot;gradient&quot;}\">\n\t\t\t\t\t\t<div class=\"elementor-container elementor-column-gap-default\">\n\t\t\t\t\t<div class=\"elementor-column elementor-col-100 elementor-top-column elementor-element elementor-element-19469bb6\" data-id=\"19469bb6\" data-element_type=\"column\" data-e-type=\"column\">\n\t\t\t<div class=\"elementor-widget-wrap elementor-element-populated\">\n\t\t\t\t\t\t<div class=\"elementor-element elementor-element-40677977 elementor-widget elementor-widget-heading\" data-id=\"40677977\" data-element_type=\"widget\" data-e-type=\"widget\" data-widget_type=\"heading.default\">\n\t\t\t\t<div class=\"elementor-widget-container\">\n\t\t\t\t\t<h2 class=\"elementor-heading-title elementor-size-default\">GDPR<\/h2>\t\t\t\t<\/div>\n\t\t\t\t<\/div>\n\t\t\t\t<section class=\"elementor-section elementor-inner-section elementor-element elementor-element-3322f93 elementor-section-boxed elementor-section-height-default elementor-section-height-default\" data-id=\"3322f93\" data-element_type=\"section\" data-e-type=\"section\">\n\t\t\t\t\t\t<div class=\"elementor-container elementor-column-gap-default\">\n\t\t\t\t\t<div class=\"elementor-column elementor-col-50 elementor-inner-column elementor-element elementor-element-296a9a29\" data-id=\"296a9a29\" data-element_type=\"column\" data-e-type=\"column\">\n\t\t\t<div class=\"elementor-widget-wrap elementor-element-populated\">\n\t\t\t\t\t\t<div class=\"elementor-element elementor-element-67489df0 elementor-widget elementor-widget-button\" data-id=\"67489df0\" data-element_type=\"widget\" data-e-type=\"widget\" data-widget_type=\"button.default\">\n\t\t\t\t<div class=\"elementor-widget-container\">\n\t\t\t\t\t\t\t\t\t<div class=\"elementor-button-wrapper\">\n\t\t\t\t\t<a class=\"elementor-button elementor-button-link elementor-size-sm\" href=\"https:\/\/parkoljcsendesen.hu\/en\/hivas\/\">\n\t\t\t\t\t\t<span class=\"elementor-button-content-wrapper\">\n\t\t\t\t\t\t\t\t\t<span class=\"elementor-button-text\">We invite you HERE !<\/span>\n\t\t\t\t\t<\/span>\n\t\t\t\t\t<\/a>\n\t\t\t\t<\/div>\n\t\t\t\t\t\t\t\t<\/div>\n\t\t\t\t<\/div>\n\t\t\t\t<div class=\"elementor-element elementor-element-3a288c30 elementor-widget elementor-widget-button\" data-id=\"3a288c30\" data-element_type=\"widget\" data-e-type=\"widget\" data-widget_type=\"button.default\">\n\t\t\t\t<div class=\"elementor-widget-container\">\n\t\t\t\t\t\t\t\t\t<div class=\"elementor-button-wrapper\">\n\t\t\t\t\t<a class=\"elementor-button elementor-button-link elementor-size-sm\" href=\"https:\/\/parkoljcsendesen.hu\/en\/foglalas\/\">\n\t\t\t\t\t\t<span class=\"elementor-button-content-wrapper\">\n\t\t\t\t\t\t\t\t\t<span class=\"elementor-button-text\">Booking HERE !<\/span>\n\t\t\t\t\t<\/span>\n\t\t\t\t\t<\/a>\n\t\t\t\t<\/div>\n\t\t\t\t\t\t\t\t<\/div>\n\t\t\t\t<\/div>\n\t\t\t\t\t<\/div>\n\t\t<\/div>\n\t\t\t\t<div class=\"elementor-column elementor-col-50 elementor-inner-column elementor-element elementor-element-3451f84c\" data-id=\"3451f84c\" data-element_type=\"column\" data-e-type=\"column\">\n\t\t\t<div class=\"elementor-widget-wrap elementor-element-populated\">\n\t\t\t\t\t\t<div class=\"elementor-element elementor-element-21429bc0 elementor-widget elementor-widget-heading\" data-id=\"21429bc0\" data-element_type=\"widget\" data-e-type=\"widget\" data-widget_type=\"heading.default\">\n\t\t\t\t<div class=\"elementor-widget-container\">\n\t\t\t\t\t<h2 class=\"elementor-heading-title elementor-size-default\">Or by NON-STOP phone<\/h2>\t\t\t\t<\/div>\n\t\t\t\t<\/div>\n\t\t\t\t<div class=\"elementor-element elementor-element-729a6b9e elementor-widget elementor-widget-heading\" data-id=\"729a6b9e\" data-element_type=\"widget\" data-e-type=\"widget\" data-widget_type=\"heading.default\">\n\t\t\t\t<div class=\"elementor-widget-container\">\n\t\t\t\t\t<h2 class=\"elementor-heading-title elementor-size-default\"><a href=\"tel:+36202879148\">+3620 287 9148<\/a><\/h2>\t\t\t\t<\/div>\n\t\t\t\t<\/div>\n\t\t\t\t\t<\/div>\n\t\t<\/div>\n\t\t\t\t\t<\/div>\n\t\t<\/section>\n\t\t\t\t\t<\/div>\n\t\t<\/div>\n\t\t\t\t\t<\/div>\n\t\t<\/section>\n\t\t\t\t<section class=\"elementor-section elementor-top-section elementor-element elementor-element-2083a8d elementor-section-boxed elementor-section-height-default elementor-section-height-default\" data-id=\"2083a8d\" data-element_type=\"section\" data-e-type=\"section\">\n\t\t\t\t\t\t<div class=\"elementor-container elementor-column-gap-default\">\n\t\t\t\t\t<div class=\"elementor-column elementor-col-100 elementor-top-column elementor-element elementor-element-e10806b\" data-id=\"e10806b\" data-element_type=\"column\" data-e-type=\"column\">\n\t\t\t<div class=\"elementor-widget-wrap elementor-element-populated\">\n\t\t\t\t\t\t<div class=\"elementor-element elementor-element-ebfab7b elementor-widget elementor-widget-text-editor\" data-id=\"ebfab7b\" data-element_type=\"widget\" data-e-type=\"widget\" data-widget_type=\"text-editor.default\">\n\t\t\t\t<div class=\"elementor-widget-container\">\n\t\t\t\t\t\t\t\t\t<p>PRIVACY AND DATA PROTECTION POLICY 2018.<\/p><p><br \/>General provisions<br \/>The Park Quietly Ltd<br \/>(registered office: 2220 Vecs\u00e9s ferenc u 7,<br \/>tax number: 12169272-1-13,<\/p><p><br \/>as the Data Controller of the http:\/\/ parkoljcsendesen.hu website operated by it and the<br \/>services provided by websites accessible from other addresses (hereinafter \u201ewebsite\u201d)<br \/>in relation to all processing of data relating to natural persons (\u201ecustomer\u201c) by the user in accordance with this<br \/>It acts on the basis of the Privacy and Data Protection Policy and Notice. The Customer may use the Website to<br \/>by accessing and using this website, you agree to be bound by these terms.<br \/>The Policy sets out the scope of personal data processed by the Controller and the method of processing,<br \/>and ensure compliance with the constitutional principles of data protection and data management, data security<br \/>requirements in order to ensure that the user is a natural person<br \/>the privacy of data subjects is respected by the automated processing of their personal data<br \/>processing or handling of.<\/p><p><br \/>1. Interpretative provisions<\/p><p><br \/>1.1.Data Controller:<br \/>a natural or legal person, or an entity without legal personality, who or<br \/>which, alone or jointly with others, determines the purposes for which the data are to be processed, for the processing of<br \/>(including the instrument used), or to take and implement decisions concerning the<br \/>with a data processor.<\/p><p><br \/>1.2. Data Management:<br \/>any operation or set of operations on the data, regardless of the procedure used,<br \/>in particular the collection, recording, recording, organisation, storage, alteration and use of,<br \/>retrieval, transmission, disclosure, alignment or combination, blocking,<br \/>deletion and destruction of the data and the prevention of their further use, photocopying, recording, storing, and,<\/p><p>audio or visual recordings, and physical characteristics that can identify the person (e.g. fingerprints, fingerprints<br \/>or palm print, DNA sample, iris image).<\/p><p>\u00a0<\/p><p>1.3. Personal data:<br \/>the data that can be associated with the data subject, in particular the name, the identification mark of the data subject and one or more<br \/>knowledge of several physical, physiological, mental, economic, cultural or social identities -,<br \/>and the inference that can be drawn from the data concerning the data subject.<\/p><p><br \/>1.4. Contribution:<br \/>a voluntary and explicit indication of the data subject's wishes, based on appropriate information, and<br \/>gives his or her unambiguous consent to the processing of all or some of the personal data concerning him or her<br \/>operations.<\/p><p><br \/>1.5. Data processing:<br \/>to carry out technical tasks related to data processing operations, irrespective of the<br \/>the method and means used for its implementation and the place of application, provided that the<br \/>technical task is performed on the data.<\/p><p><br \/>1.6. Data Processor:<br \/>a natural or legal person, or an entity without legal personality, who is or<br \/>under a contract, including a contract concluded under a statutory provision, data<br \/>processing the data.<\/p><p><br \/>1.7. Data Subject: any person identified on the basis of specific personal data or - directly or<br \/>indirectly - an identifiable natural person.<\/p><p><br \/>2. Name of the controller Name of the organisation:<br \/>Park quietly Ltd<br \/>Registered office: 2220 vecs\u00e9s Ferenc utca 7<br \/>Organisation's tax number: 12169272-1-13<br \/>Email: info@parkoljcsendesen.hu<br \/>Pursuant to Section 65 (3) a) of Act CXII of 2011, the Authority does not keep data protection records<\/p><p>the processing of data which is carried out in the context of an employment relationship, membership relationship, nursery school<br \/>a student or a person with a learning contract, or a membership of a dormitory<br \/>financial institutions, public utility providers, electronic communications service providers, or<br \/>with the exception of its customers - of persons in a customer relationship.<\/p><p><br \/>3. Natural and legal persons entitled to access the data, the data processor:<br \/>The data are processed by the management of the Data Controller as defined in the Articles of Association and the<br \/>persons specifically authorised by the Management Board are entitled to access the data Data Controller does not<br \/>are not disclosed to third parties.<\/p><p><br \/>4. Scope of personal data processed to ensure that personal data are only processed about natural persons<br \/>can be interpreted in relation to.<\/p><p><br \/>The Website also provides content accessible to any Internet user without registration.<br \/>4.1 When booking a parking space, the Customer is required to provide the following personal data<br \/>data: - Customer name, - E-mail address, - Telephone number.<\/p><p><br \/>4.2 The database of parkoljcsendesen.hu (hereinafter: Website) contains the Customer's data provided at the time of booking.<br \/>free services, they will not be transferred by the controller, nor will they be<br \/>advertising or for any other purpose without the express consent of the Customer. A<br \/>parking printouts will be destroyed 24 hours after the passenger's return.<\/p><p><br \/>4.3. During your visits to the Website, one or more cookies - small bits of information that are stored on your computer<br \/>server sends to the browser, and the browser sends back to the server all the<br \/>upon request - to the Customer's computer, through which the Customer's browser(s) will be uniquely<br \/>will be identifiable. These cookies are used solely to improve the user experience, the login process<br \/>automate and measure the effectiveness of our advertising activities.<\/p><p><br \/>4.4. When processing the Customer's personal data, the Service Provider shall comply with the<br \/>the provisions of Act CXII of 2011 on law.<\/p><p><br \/>4.5 The Customer has the right to block the processing at any time.<\/p><p><br \/>5. Legal basis, method and purpose of processing<\/p><p><br \/>5.1 The legal basis for data processing is the voluntary consent of the Customer. The consent is given by the Customer as described above.<br \/>with regard to the processing of the data concerned, after having read this Privacy Policy<br \/>by expressly accepting the terms and conditions of the Website by ticking the appropriate box, or by using the Website<br \/>by registering, by voluntarily providing the data in question.<\/p><p><br \/>5.2. The purposes of the processing of data related to psychotherapy, in particular active-analysis<br \/>the provision of contact information and the processing of data related thereto and to the operation of the<br \/>other information. The Service Provider may use the data provided by the Customer for the following purposes<br \/>stored tied. By making a reservation on the website, the customer consents to the processing of his\/her personal data by the<br \/>for the following purposes: booking a parking space<\/p><p><br \/>5.3. The electronic mail addresses (e-mail addresses) provided during registration are used by the<br \/>the way in which the e-mail addresses are used: the e-mail addresses are used to identify the customer, to<br \/>is used for communication purposes. For the services it provides, the Data Controller<br \/>provide the customer with the relevant information in electronic form by e-mail. The Data Controller shall inform the customer<br \/>will send to the e-mail address you provided when making your reservation, with your express consent, the contents of the Website and the<br \/>messages containing information about the organisation of exercises<\/p><p><br \/>5.4. The purpose of the use of the telephone number provided by the Customer by the Data Controller is to<br \/>for communication purposes.<\/p><p><br \/>5.5 We process the Customer's data exclusively by means of computer processing. The<br \/>automatically recorded data for the purpose of statistics production, the technical management of the IT system<br \/>developing the rights of users. The data that will be automatically recorded<br \/>(log files, logfiles) are: the dynamic IP address of the client's computer, the client's<br \/>depending on the settings of your computer, the operating system and<br \/>type of browser, the client's activity on the Website. Use of this data<br \/>on the one hand, it serves technical purposes - e.g. secure operation of servers, post-testing,<br \/>on the other hand, the Data Controller may use this data to compile statistics on the use of the site, to<\/p><p>to analyse and improve the quality of services. The above data is used to<br \/>and are not linked by the Service Provider to other personal data.<br \/>together.<\/p><p><br \/>5.6. In order to obtain independent website traffic and other web analytics data, the<br \/>You use Google Analytics software as your data controller, and Google Inc.<br \/>Our Privacy Policy is available at https:\/\/google.com\/intl\/h_All\/policies\/privacy. The Website<br \/>you acknowledge that the processing of your data by Google Inc.<br \/>by using this website, you consent to.<\/p><p><br \/>5.7. The controller shall not use the personal data provided for purposes other than those described in these points.<br \/>you can use. Disclosure of personal data to third parties or public authorities<br \/>unless otherwise required by law - the user's prior explicit consent.<br \/>only possible with the consent of.<\/p><p><br \/>5.8 The Controller does not verify the personal data provided to it. The data provided<br \/>is the sole responsibility of the person who provided it. When providing an e-mail address for any Customer<br \/>is also responsible for ensuring that he\/she is the only person using the e-mail address provided. E<br \/>with regard to any access to the website from a given e-mail address, with<br \/>The responsibility lies solely with the user who registered the e-mail address.<\/p><p><br \/>6. Duration of processing<\/p><p><br \/>6.1. The processing of the data that must be provided during the booking process starts with the registration and continues until its deletion.<br \/>tart. In the case of non-mandatory data, the processing shall start from the moment the data is provided<br \/>until it is deleted. The registered Customer may request the modification or deletion of the data recorded during the registration by<br \/>after you have logged in, in \u201eMy account\u201d.<\/p><p><br \/>6.2 The above provisions are without prejudice to the application of the following provisions of law (e.g. accounting law)<br \/>to meet conservation obligations.<\/p><p><br \/>7. Who is entitled to know the data<\/p><p><br \/>7.1 The Data may be accessed primarily by the Data Controller or by internal employees of the Data Controller,<br \/>but they are not published or disclosed to third parties.<\/p><p><br \/>7.2. Operation of the underlying IT system, order fulfilment, accounting<br \/>the Data Controller may use the services of a data processor (e.g. system operator, accountant).<br \/>The Controller is not responsible for the data management practices of such third parties.<\/p><p><br \/>7.3. In addition to the above, the transfer of personal data concerning the Customer may only be carried out<br \/>may take place in the case of a mandatory case or with the consent of the Customer.<\/p><p><br \/>8. Rights of the customer<\/p><p><br \/>8.1 The Customer shall have the right to request information at any time on the personal data concerning him\/her processed by the Data Controller.<br \/>data, and you can change it at any time. The customer also has the right to request the deletion of his\/her data by<br \/>using the contact details provided in this section.<\/p><p><br \/>8.2. The Service Provider shall provide the Customer, upon request, with information on the data processed by the Service Provider concerning the Customer, the<br \/>the purposes, legal basis and duration of the processing, as well as who is receiving or processing it and for what purposes<br \/>have received your data. Within 30 days of the request, the service provider shall provide in writing the<br \/>asked for information.<\/p><p><br \/>8.3. The Customer may contact the Data Controller with any questions or comments regarding the processing of data.<br \/>via the contact details above.<br \/>Address for correspondence: 2220 Vecs\u00e9s F\u0151 u 15\/b<br \/>E-mail: info@parkoljcsendesen.hu<\/p><p><br \/>8.4 The Customer is entitled to request the correction or deletion of incorrectly recorded data at any time.<br \/>The Client may correct some of his\/her data on the Website; in other cases, the Service Provider may, upon request, correct the data<br \/>will delete the data within 3 working days of receiving it, in which case it will not be<br \/>can be recovered. The cancellation does not apply to the deletion of information required by law (e.g. accounting regulations)<br \/>data processing, the Service Provider will keep them for the necessary period.<\/p><p><br \/>8.5 The customer may assert his\/her rights before the courts and may also request the assistance of the Data Protection Commissioner.<\/p><p>In the event of a breach, the customer may seek redress from: the Office of the Data Protection Commissioner (1051 Budapest,<br \/>N\u00e1dor u. 22.) To the National Authority for Data Protection and Freedom of Information<\/p><p><br \/>8.6. If the Customer has provided third party data during registration for the use of the service<br \/>or caused damage in any way during the use of the Website, the Service Provider shall be entitled to<br \/>To claim damages from a customer. In such a case, the Service Provider shall use its best efforts to<br \/>assist the authorities in establishing the identity of the person who committed the offence<br \/>for the purposes of.<\/p><p><br \/>9. Other provisions<\/p><p><br \/>9.1 The Service Provider's system may collect data about the activity of users, which cannot be linked to.<br \/>with other data provided by users at the time of registration, nor with other websites or<br \/>data generated when you use our services.<\/p><p><br \/>9.2 In all cases where the data provided is used by the Service Provider for purposes other than the original purpose for which the data was collected, the Service Provider<br \/>for the purposes for which it is intended, inform the user thereof and obtain his or her prior express consent<br \/>obtains it or gives him or her the opportunity to prohibit its use.<\/p><p><br \/>9.3. The Service Provider undertakes to ensure the security of the data and to take the necessary measures to<br \/>technical measures to ensure that the data collected, stored or processed are protected<br \/>or do everything possible to prevent their destruction,<br \/>unauthorised use and unauthorised alteration. You also undertake to ensure that any<br \/>third parties to whom the data may be transferred or disclosed, also invites them to<br \/>obligations.9.4. The Service Provider reserves the right to modify or amend this Policy at any time without<br \/>unilaterally modify it, with prior notice to you. After the entry into force of the amendment, the Customer may<br \/>by using the Service, you accept the terms of the amended Rules by acting in an implicit manner.<br \/>DISCLAIMER The Data Controller acknowledges that it is bound by this APPLICATION<br \/>and undertakes to ensure that its processing of data in relation to its services complies with this<br \/>the requirements set out in the AVAKASZT.<\/p><p>\u00a0<\/p><p>\u00a0<\/p><p>\u00a0<\/p><p>\u00a0<\/p>\t\t\t\t\t\t\t\t<\/div>\n\t\t\t\t<\/div>\n\t\t\t\t\t<\/div>\n\t\t<\/div>\n\t\t\t\t\t<\/div>\n\t\t<\/section>\n\t\t\t\t<\/div>","protected":false},"excerpt":{"rendered":"<p>GDPR Felh\u00edvjuk ITT ! Foglal\u00e1s ITT ! Vagy NON-STOP telefonon +3620 287 9148 ADATV\u00c9DELMI \u00c9S ADATKEZEL\u00c9SI SZAB\u00c1LYZAT 2018. \u00c1ltal\u00e1nos rendelkez\u00e9sekA Parkolj csendesen Kft(sz\u00e9khelye: 2220 Vecs\u00e9s ferenc u 7,ad\u00f3sz\u00e1m: 12169272-1-13, mint Adatkezel\u0151 az \u00e1ltala \u00fczemeltetett http:\/\/ parkoljcsendesen.hu weboldal \u00e9s az ott meghat\u00e1rozottegy\u00e9b c\u00edmeken el\u00e9rhet\u0151 weboldalak (a tov\u00e1bbiakban: \u201eweboldal\u201d) \u00e1ltal ny\u00fajtott szolg\u00e1ltat\u00e1saihozkapcsol\u00f3d\u00f3an a felhaszn\u00e1l\u00f3 term\u00e9szetes szem\u00e9lyek (\u201e\u00fcgyf\u00e9l\u201c) [&hellip;]<\/p>\n","protected":false},"author":1,"featured_media":0,"parent":0,"menu_order":0,"comment_status":"closed","ping_status":"closed","template":"","meta":{"site-sidebar-layout":"no-sidebar","site-content-layout":"page-builder","ast-site-content-layout":"full-width-container","site-content-style":"default","site-sidebar-style":"default","ast-global-header-display":"","ast-banner-title-visibility":"","ast-main-header-display":"","ast-hfb-above-header-display":"","ast-hfb-below-header-display":"","ast-hfb-mobile-header-display":"","site-post-title":"disabled","ast-breadcrumbs-content":"","ast-featured-img":"disabled","footer-sml-layout":"","ast-disable-related-posts":"","theme-transparent-header-meta":"","adv-header-id-meta":"","stick-header-meta":"","header-above-stick-meta":"","header-main-stick-meta":"","header-below-stick-meta":"","astra-migrate-meta-layouts":"set","ast-page-background-enabled":"default","ast-page-background-meta":{"desktop":{"background-color":"","background-image":"","background-repeat":"repeat","background-position":"center center","background-size":"auto","background-attachment":"scroll","background-type":"","background-media":"","overlay-type":"","overlay-color":"","overlay-opacity":"","overlay-gradient":""},"tablet":{"background-color":"","background-image":"","background-repeat":"repeat","background-position":"center center","background-size":"auto","background-attachment":"scroll","background-type":"","background-media":"","overlay-type":"","overlay-color":"","overlay-opacity":"","overlay-gradient":""},"mobile":{"background-color":"","background-image":"","background-repeat":"repeat","background-position":"center center","background-size":"auto","background-attachment":"scroll","background-type":"","background-media":"","overlay-type":"","overlay-color":"","overlay-opacity":"","overlay-gradient":""}},"ast-content-background-meta":{"desktop":{"background-color":"var(--ast-global-color-5)","background-image":"","background-repeat":"repeat","background-position":"center center","background-size":"auto","background-attachment":"scroll","background-type":"","background-media":"","overlay-type":"","overlay-color":"","overlay-opacity":"","overlay-gradient":""},"tablet":{"background-color":"var(--ast-global-color-5)","background-image":"","background-repeat":"repeat","background-position":"center center","background-size":"auto","background-attachment":"scroll","background-type":"","background-media":"","overlay-type":"","overlay-color":"","overlay-opacity":"","overlay-gradient":""},"mobile":{"background-color":"var(--ast-global-color-5)","background-image":"","background-repeat":"repeat","background-position":"center center","background-size":"auto","background-attachment":"scroll","background-type":"","background-media":"","overlay-type":"","overlay-color":"","overlay-opacity":"","overlay-gradient":""}},"footnotes":""},"class_list":["post-1080","page","type-page","status-publish","hentry"],"_links":{"self":[{"href":"https:\/\/parkoljcsendesen.hu\/en\/wp-json\/wp\/v2\/pages\/1080","targetHints":{"allow":["GET"]}}],"collection":[{"href":"https:\/\/parkoljcsendesen.hu\/en\/wp-json\/wp\/v2\/pages"}],"about":[{"href":"https:\/\/parkoljcsendesen.hu\/en\/wp-json\/wp\/v2\/types\/page"}],"author":[{"embeddable":true,"href":"https:\/\/parkoljcsendesen.hu\/en\/wp-json\/wp\/v2\/users\/1"}],"replies":[{"embeddable":true,"href":"https:\/\/parkoljcsendesen.hu\/en\/wp-json\/wp\/v2\/comments?post=1080"}],"version-history":[{"count":5,"href":"https:\/\/parkoljcsendesen.hu\/en\/wp-json\/wp\/v2\/pages\/1080\/revisions"}],"predecessor-version":[{"id":1647,"href":"https:\/\/parkoljcsendesen.hu\/en\/wp-json\/wp\/v2\/pages\/1080\/revisions\/1647"}],"wp:attachment":[{"href":"https:\/\/parkoljcsendesen.hu\/en\/wp-json\/wp\/v2\/media?parent=1080"}],"curies":[{"name":"wp","href":"https:\/\/api.w.org\/{rel}","templated":true}]}}