{"id":1073,"date":"2023-12-08T00:50:51","date_gmt":"2023-12-08T00:50:51","guid":{"rendered":"https:\/\/kemenyfej.hu\/?page_id=1073"},"modified":"2024-07-17T18:02:22","modified_gmt":"2024-07-17T17:02:22","slug":"aszf","status":"publish","type":"page","link":"https:\/\/parkoljcsendesen.hu\/sk\/aszf\/","title":{"rendered":"ASZF"},"content":{"rendered":"<div data-elementor-type=\"wp-page\" data-elementor-id=\"1073\" class=\"elementor elementor-1073\" data-elementor-post-type=\"page\">\n\t\t\t\t\t\t<section class=\"elementor-section elementor-top-section elementor-element elementor-element-32f3c55d elementor-section-stretched elementor-section-boxed elementor-section-height-default elementor-section-height-default\" data-id=\"32f3c55d\" data-element_type=\"section\" data-e-type=\"section\" data-settings=\"{&quot;background_background&quot;:&quot;classic&quot;,&quot;stretch_section&quot;:&quot;section-stretched&quot;}\">\n\t\t\t\t\t\t<div class=\"elementor-container elementor-column-gap-default\">\n\t\t\t\t\t<div class=\"elementor-column elementor-col-100 elementor-top-column elementor-element elementor-element-12ae2958\" data-id=\"12ae2958\" data-element_type=\"column\" data-e-type=\"column\">\n\t\t\t<div class=\"elementor-widget-wrap\">\n\t\t\t\t\t\t\t<\/div>\n\t\t<\/div>\n\t\t\t\t\t<\/div>\n\t\t<\/section>\n\t\t\t\t<section class=\"elementor-section elementor-top-section elementor-element elementor-element-2101a34e elementor-section-boxed elementor-section-height-default elementor-section-height-default\" data-id=\"2101a34e\" data-element_type=\"section\" data-e-type=\"section\" data-settings=\"{&quot;background_background&quot;:&quot;gradient&quot;}\">\n\t\t\t\t\t\t<div class=\"elementor-container elementor-column-gap-default\">\n\t\t\t\t\t<div class=\"elementor-column elementor-col-100 elementor-top-column elementor-element elementor-element-4d20d71a\" data-id=\"4d20d71a\" data-element_type=\"column\" data-e-type=\"column\">\n\t\t\t<div class=\"elementor-widget-wrap elementor-element-populated\">\n\t\t\t\t\t\t<div class=\"elementor-element elementor-element-8a380b8 elementor-widget elementor-widget-heading\" data-id=\"8a380b8\" data-element_type=\"widget\" data-e-type=\"widget\" data-widget_type=\"heading.default\">\n\t\t\t\t<div class=\"elementor-widget-container\">\n\t\t\t\t\t<h2 class=\"elementor-heading-title elementor-size-default\">ASZF<\/h2>\t\t\t\t<\/div>\n\t\t\t\t<\/div>\n\t\t\t\t<section class=\"elementor-section elementor-inner-section elementor-element elementor-element-2734a437 elementor-section-boxed elementor-section-height-default elementor-section-height-default\" data-id=\"2734a437\" data-element_type=\"section\" data-e-type=\"section\">\n\t\t\t\t\t\t<div class=\"elementor-container elementor-column-gap-default\">\n\t\t\t\t\t<div class=\"elementor-column elementor-col-50 elementor-inner-column elementor-element elementor-element-64f647a9\" data-id=\"64f647a9\" data-element_type=\"column\" data-e-type=\"column\">\n\t\t\t<div class=\"elementor-widget-wrap elementor-element-populated\">\n\t\t\t\t\t\t<div class=\"elementor-element elementor-element-7acf2084 elementor-widget elementor-widget-button\" data-id=\"7acf2084\" data-element_type=\"widget\" data-e-type=\"widget\" data-widget_type=\"button.default\">\n\t\t\t\t<div class=\"elementor-widget-container\">\n\t\t\t\t\t\t\t\t\t<div class=\"elementor-button-wrapper\">\n\t\t\t\t\t<a class=\"elementor-button elementor-button-link elementor-size-sm\" href=\"https:\/\/parkoljcsendesen.hu\/sk\/hivas\/\">\n\t\t\t\t\t\t<span class=\"elementor-button-content-wrapper\">\n\t\t\t\t\t\t\t\t\t<span class=\"elementor-button-text\">Poz\u00fdvame v\u00e1s TU !<\/span>\n\t\t\t\t\t<\/span>\n\t\t\t\t\t<\/a>\n\t\t\t\t<\/div>\n\t\t\t\t\t\t\t\t<\/div>\n\t\t\t\t<\/div>\n\t\t\t\t<div class=\"elementor-element elementor-element-6ed7708a elementor-widget elementor-widget-button\" data-id=\"6ed7708a\" data-element_type=\"widget\" data-e-type=\"widget\" data-widget_type=\"button.default\">\n\t\t\t\t<div class=\"elementor-widget-container\">\n\t\t\t\t\t\t\t\t\t<div class=\"elementor-button-wrapper\">\n\t\t\t\t\t<a class=\"elementor-button elementor-button-link elementor-size-sm\" href=\"https:\/\/parkoljcsendesen.hu\/sk\/foglalas\/\">\n\t\t\t\t\t\t<span class=\"elementor-button-content-wrapper\">\n\t\t\t\t\t\t\t\t\t<span class=\"elementor-button-text\">Rezerv\u00e1cia TU !<\/span>\n\t\t\t\t\t<\/span>\n\t\t\t\t\t<\/a>\n\t\t\t\t<\/div>\n\t\t\t\t\t\t\t\t<\/div>\n\t\t\t\t<\/div>\n\t\t\t\t\t<\/div>\n\t\t<\/div>\n\t\t\t\t<div class=\"elementor-column elementor-col-50 elementor-inner-column elementor-element elementor-element-21e8dbf0\" data-id=\"21e8dbf0\" data-element_type=\"column\" data-e-type=\"column\">\n\t\t\t<div class=\"elementor-widget-wrap elementor-element-populated\">\n\t\t\t\t\t\t<div class=\"elementor-element elementor-element-362abdb4 elementor-widget elementor-widget-heading\" data-id=\"362abdb4\" data-element_type=\"widget\" data-e-type=\"widget\" data-widget_type=\"heading.default\">\n\t\t\t\t<div class=\"elementor-widget-container\">\n\t\t\t\t\t<h2 class=\"elementor-heading-title elementor-size-default\">Alebo prostredn\u00edctvom NON-STOP telef\u00f3nu<\/h2>\t\t\t\t<\/div>\n\t\t\t\t<\/div>\n\t\t\t\t<div class=\"elementor-element elementor-element-75a033b4 elementor-widget elementor-widget-heading\" data-id=\"75a033b4\" data-element_type=\"widget\" data-e-type=\"widget\" data-widget_type=\"heading.default\">\n\t\t\t\t<div class=\"elementor-widget-container\">\n\t\t\t\t\t<h2 class=\"elementor-heading-title elementor-size-default\"><a href=\"tel:+36202879148\">+3620 287 9148<\/a><\/h2>\t\t\t\t<\/div>\n\t\t\t\t<\/div>\n\t\t\t\t\t<\/div>\n\t\t<\/div>\n\t\t\t\t\t<\/div>\n\t\t<\/section>\n\t\t\t\t\t<\/div>\n\t\t<\/div>\n\t\t\t\t\t<\/div>\n\t\t<\/section>\n\t\t\t\t<section class=\"elementor-section elementor-top-section elementor-element elementor-element-bea9fcc elementor-section-boxed elementor-section-height-default elementor-section-height-default\" data-id=\"bea9fcc\" data-element_type=\"section\" data-e-type=\"section\">\n\t\t\t\t\t\t<div class=\"elementor-container elementor-column-gap-default\">\n\t\t\t\t\t<div class=\"elementor-column elementor-col-100 elementor-top-column elementor-element elementor-element-fc5b646\" data-id=\"fc5b646\" data-element_type=\"column\" data-e-type=\"column\">\n\t\t\t<div class=\"elementor-widget-wrap elementor-element-populated\">\n\t\t\t\t\t\t<div class=\"elementor-element elementor-element-6cdf925 elementor-widget elementor-widget-text-editor\" data-id=\"6cdf925\" data-element_type=\"widget\" data-e-type=\"widget\" data-widget_type=\"text-editor.default\">\n\t\t\t\t<div class=\"elementor-widget-container\">\n\t\t\t\t\t\t\t\t\t<p><strong>V\u0161eobecn\u00e9 obchodn\u00e9 podmienky (VOP) \u00dazemn\u00e1 p\u00f4sobnos\u0165 zmluvy:<\/strong><\/p>\n<p>Tieto pravidl\u00e1 sa vz\u0165ahuj\u00fa na ohraden\u00fd priestor letiskov\u00e9ho parkoviska. Trvanie zmluvy: T\u00e1to zmluva sa uzatv\u00e1ra medzi prev\u00e1dzkovate\u013eom a z\u00e1kazn\u00edkom (vodi\u010dom a jeho spolucestuj\u00facimi) na parkovanie, \u00faschovu a ochranu vozidla na vo\u013enom priestranstve, letiskov\u00fd transfer a ak\u00e9ko\u013evek in\u00e9 po\u017eadovan\u00e9 slu\u017eby, pri\u010dom sa riadi t\u00fdmito v\u0161eobecn\u00fdmi podmienkami a predpismi: dopravn\u00e9 predpisy bezpe\u010dnostn\u00e9 opatrenia postupy letiskov\u00e9ho transferu poplatky r\u00f4zne ustanovenia<\/p>\n<p>Pravidl\u00e1 cestnej prem\u00e1vky<\/p>\n<p>Cel\u00e9 letiskov\u00e9 parkovisko podlieha pravidl\u00e1m cestnej prem\u00e1vky s maxim\u00e1lnou povolenou r\u00fdchlos\u0165ou 15 km\/h. Zamestnanci bud\u00fa kontrolova\u0165 pohyb a parkovanie vozidiel na parkovisku. Vozidl\u00e1 m\u00f4\u017eu by\u0165 ulo\u017een\u00e9 v uzamknutom stave s nain\u0161talovanou elektronickou a mechanickou ochranou. Dopravn\u00e9 predpisy platia a\u017e do opustenia br\u00e1ny letiskov\u00e9ho parkoviska.<\/p>\n<p>Bezpe\u010dnostn\u00e9 opatrenia<\/p>\n<p>Pri vjazde na parkovisko prev\u00e1dzkovate\u013e v s\u00falade s pr\u00e1vnymi predpismi o ochrane \u00fadajov zaznamen\u00e1va \u00fadaje na \u00fa\u010dely overenia, preuk\u00e1zania a bezpe\u010dnosti potrebn\u00e9 na pou\u017e\u00edvanie parkoviska: \u00fadaje uveden\u00e9 v osved\u010den\u00ed o evidencii vozidla; aktu\u00e1lny stav vozidla, ktor\u00fd podpisuje prev\u00e1dzkovate\u013e aj z\u00e1kazn\u00edk. Prev\u00e1dzkovate\u013e pou\u017eije tieto \u00fadaje v\u00fdlu\u010dne na prev\u00e1dzku letiskov\u00e9ho parkoviska a uchov\u00e1 ich 30 dn\u00ed po ukon\u010den\u00ed zmluvy a potom ich zni\u010d\u00ed. \u00dadaje a fotografick\u00e9 sn\u00edmky m\u00f4\u017ee prev\u00e1dzkovate\u013e poskytn\u00fa\u0165 org\u00e1nom verejnej moci len na z\u00e1klade ich ofici\u00e1lnej zdokumentovanej \u017eiadosti a na \u00faradn\u00e9 pou\u017eitie potrebn\u00e9 na \u010dinnos\u0165 org\u00e1nu verejnej moci. Po za\u010dat\u00ed parkovania prev\u00e1dzkovate\u013e vyd\u00e1 z\u00e1kazn\u00edkovi parkovaciu kartu, na ktorej s\u00fa uveden\u00e9 \u00fadaje o vozidle a z\u00e1kazn\u00edkovi na z\u00e1klade uveden\u00fdch dokladov a z\u00e1znamu \u00fadajov (osoba uveden\u00e1 na parkovacej karte alebo \u0148ou riadne splnomocnen\u00e1 osoba je opr\u00e1vnen\u00e1 prevzia\u0165 vozidlo po skon\u010den\u00ed parkovania). Pri v\u00fdjazde s vozidlom sa osoba, ktor\u00e1 m\u00e1 k\u013e\u00fa\u010de od vozidla a predlo\u017e\u00ed parkovaciu kartu, pova\u017euje za z\u00e1kazn\u00edka, ktor\u00fd m\u00e1 vozidlo v leg\u00e1lnej dr\u017ebe, pokia\u013e nie s\u00fa zjavn\u00e9 pochybnosti. Parkovaciu kartu si mus\u00ed z\u00e1kazn\u00edk ponecha\u0165 a po ukon\u010den\u00ed parkovania ju odovzda\u0165 zamestnancovi. Ak sa tak nestane, za osobu opr\u00e1vnen\u00fa prevzia\u0165 vozidlo sa pova\u017euje osoba, ktor\u00e1 je dr\u017eite\u013eom dokladu o evidencii. Prev\u00e1dzkovate\u013e nezodpoved\u00e1 za \u017eiadne \u0161kody ani dodato\u010dn\u00e9 n\u00e1klady, ktor\u00e9 vznikn\u00fa v d\u00f4sledku straty parkovacej karty. Prev\u00e1dzkovate\u013e nezodpoved\u00e1 za zne\u010distenie alebo po\u0161kodenie sp\u00f4soben\u00e9 po\u010das uskladnenia vozidla na vo\u013enom priestranstve. Prev\u00e1dzkovate\u013e nekontroluje ani neeviduje \u017eiadny majetok umiestnen\u00fd alebo ponechan\u00fd v priestore pre cestuj\u00facich a bato\u017einovom priestore vozidla, a preto je vyl\u00fa\u010den\u00e1 ak\u00e1ko\u013evek zodpovednos\u0165 vo vz\u0165ahu k tomuto majetku. Prev\u00e1dzkovate\u013e nezodpoved\u00e1 za \u017eiadny majetok ponechan\u00fd v priestore pre cestuj\u00facich a bato\u017einovom priestore vozidla, najm\u00e4 za audio, video alebo telekomunika\u010dn\u00e9 a naviga\u010dn\u00e9 zariadenia. Okrem pohonn\u00fdch hm\u00f4t sa v zaparkovanom vozidle nesm\u00fa uklada\u0165 \u017eiadne predmety ohrozuj\u00face po\u017eiar alebo v\u00fdbu\u0161niny, \u017eiv\u00e9 zvierat\u00e1, l\u00e1tky ohrozuj\u00face verejn\u00e9 zdravie, chemik\u00e1lie, toxick\u00e9, r\u00fdchlo sa kaziace, \u017eiariace alebo in\u00e9 \u0161kodliv\u00e9 l\u00e1tky, ani \u017eiadne in\u00e9 predmety, ktor\u00fdch dr\u017eba je zak\u00e1zan\u00e1 z\u00e1konom. V pr\u00edpade tak\u00e9hoto podozrenia prev\u00e1dzkovate\u013e informuje org\u00e1n a postupuje pod\u013ea jeho pokynov. Prev\u00e1dzkovate\u013e nezodpoved\u00e1 za \u017eiadnu \u0161kodu, ktor\u00e1 vznikne v d\u00f4sledku poru\u0161enia tejto povinnosti, a z\u00e1kazn\u00edk je povinn\u00fd uhradi\u0165 pr\u00edpadn\u00fa \u0161kodu. V pr\u00edpade sporu t\u00fdkaj\u00faceho sa stavu vozidla zn\u00e1\u0161a d\u00f4kazn\u00e9 bremeno proti stavu zaznamenan\u00e9mu prev\u00e1dzkovate\u013eom z\u00e1kazn\u00edk. N\u00e1klady na dokazovanie proti stavu prev\u00e1dzkovate\u013e nehrad\u00ed ani v pr\u00edpade \u00faspechu v spore.<\/p>\n<p>Letiskov\u00e1 kyvadlov\u00e1 doprava<\/p>\n<p>Prev\u00e1dzkovate\u013e poskytuje svojim z\u00e1kazn\u00edkom kyvadlov\u00fa autobusov\u00fa dopravu medzi parkoviskom a termin\u00e1lmi letiska Ferihegy 2A a 2\/B. Kyvadlov\u00e1 doprava na letisko je bezplatn\u00e1 a za kyvadlov\u00fa dopravu sa neplat\u00ed. Ak z\u00e1kazn\u00edk nebude chcie\u0165 kyvadlov\u00fa dopravu vyu\u017e\u00edva\u0165, poplatky sa nezmenia, ke\u010f\u017ee kyvadlov\u00e1 doprava je bezplatn\u00e1. Slu\u017eba letiskovej kyvadlovej dopravy je k dispoz\u00edcii po prijat\u00ed parkovacej karty pre po\u017eadovan\u00fd termin\u00e1l. Pri spiato\u010dnej ceste po prist\u00e1t\u00ed lietadla uve\u010fte svoju po\u017eiadavku na bezplatn\u00fd transfer na telef\u00f3nnom \u010d\u00edsle uvedenom na parkovacej karte. Slu\u017ebu transferu v\u00e1m na po\u017eiadanie poskytne prev\u00e1dzkovate\u013e. Prev\u00e1dzkovate\u013e sa zav\u00e4zuje zabezpe\u010di\u0165 transfer do 0-15 min\u00fat pri pr\u00edlete a do 25 min\u00fat pri n\u00e1vrate. \u010cas prepravy medzi parkoviskom a termin\u00e1lmi je v z\u00e1vislosti od prem\u00e1vky pribli\u017ene 5 a\u017e 15 min\u00fat. Je v\u00fdlu\u010dne v z\u00e1ujme z\u00e1kazn\u00edka, aby zoh\u013eadnil uveden\u00e9 \u010dasov\u00e9 po\u017eiadavky v rozsahu potrebnom na jeho cestu. Prev\u00e1dzkovate\u013e vyvinie maxim\u00e1lne \u00fasilie, aby sa cestuj\u00faci dostali na letisko alebo parkovisko v uvedenom \u010dase, ale nem\u00f4\u017ee nies\u0165 zodpovednos\u0165 za pr\u00edpadn\u00e9 nevyhnutn\u00e9 technick\u00e9, dopravn\u00e9 alebo \u00faradn\u00e9 me\u0161kania. N\u00e1roky na pr\u00edstup k lietadlu s\u00fa vyl\u00fa\u010den\u00e9. Person\u00e1l pom\u00f4\u017ee z\u00e1kazn\u00edkom pri bezpe\u010dnom n\u00e1stupe a v\u00fdstupe a pri balen\u00ed bato\u017einy. Prev\u00e1dzkovate\u013e m\u00f4\u017ee vyl\u00fa\u010di\u0165 zo slu\u017eby ka\u017ed\u00e9ho z\u00e1kazn\u00edka, ktor\u00fd pod\u013ea jeho n\u00e1zoru nie je v stave sp\u00f4sobilom na bezpe\u010dn\u00e9 cestovanie (vidite\u013ene opit\u00e9 alebo podnapitej\u0161ie osoby). Z\u00e1kazn\u00edk sa ako cestuj\u00faci tie\u017e zav\u00e4zuje dodr\u017eiava\u0165 platn\u00e9 dopravn\u00e9 predpisy a po\u017eiadavky civilizovan\u00e9ho cestovania.<\/p>\n<p>Tarify<\/p>\n<p>Aktu\u00e1lne ceny s\u00fa k dispoz\u00edcii na na\u0161ej webovej str\u00e1nke alebo v na\u0161ej kancel\u00e1rii. Klient zaplat\u00ed parkovn\u00e9 v hotovosti pri odchode (platbu je mo\u017en\u00e9 uskuto\u010dni\u0165 v eur\u00e1ch, ale vozidlo m\u00f4\u017eeme vr\u00e1ti\u0165 v HUF). Klient berie na vedomie, \u017ee po zaplaten\u00ed parkovn\u00e9ho m\u00f4\u017ee opusti\u0165 parkovisko a v pr\u00edpade sporu m\u00f4\u017ee by\u0165 vozidlo zadr\u017ean\u00e9 person\u00e1lom. V pr\u00edpade sporu o platbu si klient nem\u00f4\u017ee uplat\u0148ova\u0165 \u017eiadne \u010fal\u0161ie n\u00e1roky na zadr\u017eanie vozidla. Ak m\u00e1 vozidlo z parkoviska odstr\u00e1ni\u0165 osoba, ktor\u00e1 sa nem\u00f4\u017ee preuk\u00e1za\u0165 parkovacou kartou, prev\u00e1dzkovate\u013e samostatne presk\u00fama aj pr\u00e1vo na nakladanie s vozidlom. Obsluha vyzve vodi\u010da, aby preuk\u00e1zal svoju toto\u017enos\u0165 a predlo\u017eil doklad preukazuj\u00faci vlastn\u00edctvo. Ak vodi\u010d a osoba uveden\u00e1 v doklade preukazuj\u00facom vlastn\u00edctvo nie s\u00fa toto\u017en\u00ed, predlo\u017e\u00ed sa aj origin\u00e1l s\u00fakromnej plnej moci s \u010ditate\u013en\u00fdm podpisom a adresou najmenej dvoch svedkov. V pr\u00edpade pochybnost\u00ed je prev\u00e1dzkovate\u013e opr\u00e1vnen\u00fd po\u017eiada\u0165 o \u00faradn\u00e9 opatrenie, ktor\u00e9 m\u00f4\u017eu prija\u0165 org\u00e1ny, pri\u010dom do jeho prijatia m\u00f4\u017ee by\u0165 vozidlo zadr\u017ean\u00e9. Ak\u00fdko\u013evek priamy alebo nepriamy n\u00e1rok vo\u010di prev\u00e1dzkovate\u013eovi vypl\u00fdvaj\u00faci zo sporu o pr\u00e1vo naklada\u0165 s vozidlom je vyl\u00fa\u010den\u00fd.<\/p>\n<p>R\u00f4zne ustanovenia<\/p>\n<p>Povinnos\u0165 prev\u00e1dzkovate\u013ea: uschova\u0165 vozidlo zaparkovan\u00e9 na parkovisku na vonkaj\u0161om str\u00e1\u017eenom parkovisku za poplatok uveden\u00fd v platnom cenn\u00edku, odovzda\u0165 vozidlo v stave, v akom bolo prevzat\u00e9 po\u010das zaznamen\u00e1vania \u00fadajov, osobe, ktor\u00e1 m\u00e1 k\u013e\u00fa\u010de a predlo\u017e\u00ed parkovaciu kartu, za \u00fahradu parkovn\u00e9ho, zabezpe\u010di\u0165 bezpe\u010dn\u00e9 podmienky pre nevyhnutn\u00fd pohyb vozidla na parkovisku a zabezpe\u010di\u0165 letiskov\u00fd transfer na termin\u00e1ly Ferihegy 2\/A a Ferihegy 2\/B pod\u013ea harmonogramu transferov. Z\u00e1kazn\u00edk je povinn\u00fd uhradi\u0165 poplatky pod\u013ea evidencie prev\u00e1dzkovate\u013ea, uchov\u00e1va\u0165 parkovaciu kartu a dodr\u017eiava\u0165 parkovac\u00ed poriadok. Prev\u00e1dzkovate\u013e letiskov\u00e9ho parkoviska nem\u00e1 pln\u00fa kontrolu nad spr\u00e1van\u00edm os\u00f4b nad r\u00e1mec dodr\u017eiavania tohto poriadku. Prev\u00e1dzkovate\u013e nezodpoved\u00e1 za pr\u00edpadn\u00e9 \u0161kody na pr\u00edrode za predpokladu \u00fapln\u00e9ho dodr\u017eiavania a re\u0161pektovania vy\u0161\u0161ie uveden\u00fdch pravidiel a nezodpoved\u00e1 za nedbanlivos\u0165 tret\u00edch os\u00f4b, najm\u00e4 za \u0161kody nimi sp\u00f4soben\u00e9 \u00famyselne a mimo ich kontroly, vandalizmus, kr\u00e1de\u017ee, vl\u00e1mania, bez oh\u013eadu na to, \u010di sa tretia osoba nach\u00e1dza na parkovisku opr\u00e1vnene alebo neopr\u00e1vnene. Vo veciach neupraven\u00fdch parkovac\u00edm poriadkom platia pr\u00edslu\u0161n\u00e9 ustanovenia Ob\u010dianskeho z\u00e1konn\u00edka a vykon\u00e1vac\u00edch pr\u00e1vnych predpisov a in\u00fdch pr\u00e1vnych predpisov a nariaden\u00ed org\u00e1nov, ktor\u00e9 sa vz\u0165ahuj\u00fa na \u010dinnos\u0165 prev\u00e1dzkovate\u013ea.<\/p>\n<p>Pri um\u00fdvan\u00ed v\u00e1\u0161ho vozidla na\u0161a spolo\u010dnos\u0165 prevezme pln\u00fa zodpovednos\u0165, ak je pr\u00ed\u010dinou po\u0161kodenia on alebo ona.<\/p>\n<p>Ak \u0161kodu sp\u00f4sobila in\u00e1 osoba, plat\u00ed povinn\u00e9 poistenie zodpovednosti za \u0161kodu<\/p>\n<p>1. Ak chcete pou\u017ei\u0165 um\u00fdva\u010dku, k\u013e\u00fa\u010de od vozidla mus\u00edte odovzda\u0165 na parkovisku<\/p>\n<p>2. Va\u0161e auto nat\u00e1\u010dame na video, zaznamen\u00e1vame najazden\u00e9 kilometre<\/p>\n<p>3. Ak si parkovacie miesto objedn\u00e1te telefonicky, informujte n\u00e1\u0161ho kolegu o um\u00fdvan\u00ed a on\/ona to nap\u00ed\u0161e do pol\u00ed\u010dka pre pozn\u00e1mky. Ak sa registrujete online, nap\u00ed\u0161te do po\u013ea pre koment\u00e1r, ak\u00fd druh um\u00fdvania si \u017eel\u00e1te a ak\u00fd typ vozidla m\u00e1te.<\/p>\n<p>Vecs\u00e9s 2013.07.01<\/p>\t\t\t\t\t\t\t\t<\/div>\n\t\t\t\t<\/div>\n\t\t\t\t\t<\/div>\n\t\t<\/div>\n\t\t\t\t\t<\/div>\n\t\t<\/section>\n\t\t\t\t<\/div>","protected":false},"excerpt":{"rendered":"<p>ASZF Felh\u00edvjuk ITT ! Foglal\u00e1s ITT ! Vagy NON-STOP telefonon +3620 287 9148 \u00c1ltal\u00e1nos szerz\u0151d\u00e9si felt\u00e9telek (\u00c1SZF) A szerz\u0151d\u00e9s ter\u00fcleti hat\u00e1lya: Az itt rendezett szab\u00e1lyok a rept\u00e9ri parkol\u00f3 c\u00e9lj\u00e1ra beker\u00edtett ter\u00fcleten \u00e9rv\u00e9nyesek. A szerz\u0151d\u00e9s id\u0151beli hat\u00e1lya: Jelen szerz\u0151d\u00e9s a parkol\u00e1s megkezd\u00e9s\u00e9vel az \u00fczemeltet\u0151 \u00e9s az \u00fcgyfelek (a g\u00e9pj\u00e1rm\u0171 vezet\u0151je \u00e9s utasai) k\u00f6z\u00f6tt j\u00f6n l\u00e9tre a [&hellip;]<\/p>\n","protected":false},"author":1,"featured_media":0,"parent":0,"menu_order":0,"comment_status":"closed","ping_status":"closed","template":"","meta":{"site-sidebar-layout":"no-sidebar","site-content-layout":"page-builder","ast-site-content-layout":"full-width-container","site-content-style":"default","site-sidebar-style":"default","ast-global-header-display":"","ast-banner-title-visibility":"","ast-main-header-display":"","ast-hfb-above-header-display":"","ast-hfb-below-header-display":"","ast-hfb-mobile-header-display":"","site-post-title":"disabled","ast-breadcrumbs-content":"","ast-featured-img":"disabled","footer-sml-layout":"","ast-disable-related-posts":"","theme-transparent-header-meta":"","adv-header-id-meta":"","stick-header-meta":"","header-above-stick-meta":"","header-main-stick-meta":"","header-below-stick-meta":"","astra-migrate-meta-layouts":"set","ast-page-background-enabled":"default","ast-page-background-meta":{"desktop":{"background-color":"","background-image":"","background-repeat":"repeat","background-position":"center center","background-size":"auto","background-attachment":"scroll","background-type":"","background-media":"","overlay-type":"","overlay-color":"","overlay-opacity":"","overlay-gradient":""},"tablet":{"background-color":"","background-image":"","background-repeat":"repeat","background-position":"center center","background-size":"auto","background-attachment":"scroll","background-type":"","background-media":"","overlay-type":"","overlay-color":"","overlay-opacity":"","overlay-gradient":""},"mobile":{"background-color":"","background-image":"","background-repeat":"repeat","background-position":"center center","background-size":"auto","background-attachment":"scroll","background-type":"","background-media":"","overlay-type":"","overlay-color":"","overlay-opacity":"","overlay-gradient":""}},"ast-content-background-meta":{"desktop":{"background-color":"var(--ast-global-color-5)","background-image":"","background-repeat":"repeat","background-position":"center center","background-size":"auto","background-attachment":"scroll","background-type":"","background-media":"","overlay-type":"","overlay-color":"","overlay-opacity":"","overlay-gradient":""},"tablet":{"background-color":"var(--ast-global-color-5)","background-image":"","background-repeat":"repeat","background-position":"center center","background-size":"auto","background-attachment":"scroll","background-type":"","background-media":"","overlay-type":"","overlay-color":"","overlay-opacity":"","overlay-gradient":""},"mobile":{"background-color":"var(--ast-global-color-5)","background-image":"","background-repeat":"repeat","background-position":"center center","background-size":"auto","background-attachment":"scroll","background-type":"","background-media":"","overlay-type":"","overlay-color":"","overlay-opacity":"","overlay-gradient":""}},"footnotes":""},"class_list":["post-1073","page","type-page","status-publish","hentry"],"_links":{"self":[{"href":"https:\/\/parkoljcsendesen.hu\/sk\/wp-json\/wp\/v2\/pages\/1073","targetHints":{"allow":["GET"]}}],"collection":[{"href":"https:\/\/parkoljcsendesen.hu\/sk\/wp-json\/wp\/v2\/pages"}],"about":[{"href":"https:\/\/parkoljcsendesen.hu\/sk\/wp-json\/wp\/v2\/types\/page"}],"author":[{"embeddable":true,"href":"https:\/\/parkoljcsendesen.hu\/sk\/wp-json\/wp\/v2\/users\/1"}],"replies":[{"embeddable":true,"href":"https:\/\/parkoljcsendesen.hu\/sk\/wp-json\/wp\/v2\/comments?post=1073"}],"version-history":[{"count":5,"href":"https:\/\/parkoljcsendesen.hu\/sk\/wp-json\/wp\/v2\/pages\/1073\/revisions"}],"predecessor-version":[{"id":2487,"href":"https:\/\/parkoljcsendesen.hu\/sk\/wp-json\/wp\/v2\/pages\/1073\/revisions\/2487"}],"wp:attachment":[{"href":"https:\/\/parkoljcsendesen.hu\/sk\/wp-json\/wp\/v2\/media?parent=1073"}],"curies":[{"name":"wp","href":"https:\/\/api.w.org\/{rel}","templated":true}]}}