{"id":1073,"date":"2023-12-08T00:50:51","date_gmt":"2023-12-08T00:50:51","guid":{"rendered":"https:\/\/kemenyfej.hu\/?page_id=1073"},"modified":"2024-07-17T18:02:22","modified_gmt":"2024-07-17T17:02:22","slug":"aszf","status":"publish","type":"page","link":"https:\/\/parkoljcsendesen.hu\/sl\/aszf\/","title":{"rendered":"ASZF"},"content":{"rendered":"<div data-elementor-type=\"wp-page\" data-elementor-id=\"1073\" class=\"elementor elementor-1073\" data-elementor-post-type=\"page\">\n\t\t\t\t\t\t<section class=\"elementor-section elementor-top-section elementor-element elementor-element-32f3c55d elementor-section-stretched elementor-section-boxed elementor-section-height-default elementor-section-height-default\" data-id=\"32f3c55d\" data-element_type=\"section\" data-e-type=\"section\" data-settings=\"{&quot;background_background&quot;:&quot;classic&quot;,&quot;stretch_section&quot;:&quot;section-stretched&quot;}\">\n\t\t\t\t\t\t<div class=\"elementor-container elementor-column-gap-default\">\n\t\t\t\t\t<div class=\"elementor-column elementor-col-100 elementor-top-column elementor-element elementor-element-12ae2958\" data-id=\"12ae2958\" data-element_type=\"column\" data-e-type=\"column\">\n\t\t\t<div class=\"elementor-widget-wrap\">\n\t\t\t\t\t\t\t<\/div>\n\t\t<\/div>\n\t\t\t\t\t<\/div>\n\t\t<\/section>\n\t\t\t\t<section class=\"elementor-section elementor-top-section elementor-element elementor-element-2101a34e elementor-section-boxed elementor-section-height-default elementor-section-height-default\" data-id=\"2101a34e\" data-element_type=\"section\" data-e-type=\"section\" data-settings=\"{&quot;background_background&quot;:&quot;gradient&quot;}\">\n\t\t\t\t\t\t<div class=\"elementor-container elementor-column-gap-default\">\n\t\t\t\t\t<div class=\"elementor-column elementor-col-100 elementor-top-column elementor-element elementor-element-4d20d71a\" data-id=\"4d20d71a\" data-element_type=\"column\" data-e-type=\"column\">\n\t\t\t<div class=\"elementor-widget-wrap elementor-element-populated\">\n\t\t\t\t\t\t<div class=\"elementor-element elementor-element-8a380b8 elementor-widget elementor-widget-heading\" data-id=\"8a380b8\" data-element_type=\"widget\" data-e-type=\"widget\" data-widget_type=\"heading.default\">\n\t\t\t\t<div class=\"elementor-widget-container\">\n\t\t\t\t\t<h2 class=\"elementor-heading-title elementor-size-default\">ASZF<\/h2>\t\t\t\t<\/div>\n\t\t\t\t<\/div>\n\t\t\t\t<section class=\"elementor-section elementor-inner-section elementor-element elementor-element-2734a437 elementor-section-boxed elementor-section-height-default elementor-section-height-default\" data-id=\"2734a437\" data-element_type=\"section\" data-e-type=\"section\">\n\t\t\t\t\t\t<div class=\"elementor-container elementor-column-gap-default\">\n\t\t\t\t\t<div class=\"elementor-column elementor-col-50 elementor-inner-column elementor-element elementor-element-64f647a9\" data-id=\"64f647a9\" data-element_type=\"column\" data-e-type=\"column\">\n\t\t\t<div class=\"elementor-widget-wrap elementor-element-populated\">\n\t\t\t\t\t\t<div class=\"elementor-element elementor-element-7acf2084 elementor-widget elementor-widget-button\" data-id=\"7acf2084\" data-element_type=\"widget\" data-e-type=\"widget\" data-widget_type=\"button.default\">\n\t\t\t\t<div class=\"elementor-widget-container\">\n\t\t\t\t\t\t\t\t\t<div class=\"elementor-button-wrapper\">\n\t\t\t\t\t<a class=\"elementor-button elementor-button-link elementor-size-sm\" href=\"https:\/\/parkoljcsendesen.hu\/sl\/hivas\/\">\n\t\t\t\t\t\t<span class=\"elementor-button-content-wrapper\">\n\t\t\t\t\t\t\t\t\t<span class=\"elementor-button-text\">Vabimo vas TUKAJ !<\/span>\n\t\t\t\t\t<\/span>\n\t\t\t\t\t<\/a>\n\t\t\t\t<\/div>\n\t\t\t\t\t\t\t\t<\/div>\n\t\t\t\t<\/div>\n\t\t\t\t<div class=\"elementor-element elementor-element-6ed7708a elementor-widget elementor-widget-button\" data-id=\"6ed7708a\" data-element_type=\"widget\" data-e-type=\"widget\" data-widget_type=\"button.default\">\n\t\t\t\t<div class=\"elementor-widget-container\">\n\t\t\t\t\t\t\t\t\t<div class=\"elementor-button-wrapper\">\n\t\t\t\t\t<a class=\"elementor-button elementor-button-link elementor-size-sm\" href=\"https:\/\/parkoljcsendesen.hu\/sl\/foglalas\/\">\n\t\t\t\t\t\t<span class=\"elementor-button-content-wrapper\">\n\t\t\t\t\t\t\t\t\t<span class=\"elementor-button-text\">Rezervacija TUKAJ !<\/span>\n\t\t\t\t\t<\/span>\n\t\t\t\t\t<\/a>\n\t\t\t\t<\/div>\n\t\t\t\t\t\t\t\t<\/div>\n\t\t\t\t<\/div>\n\t\t\t\t\t<\/div>\n\t\t<\/div>\n\t\t\t\t<div class=\"elementor-column elementor-col-50 elementor-inner-column elementor-element elementor-element-21e8dbf0\" data-id=\"21e8dbf0\" data-element_type=\"column\" data-e-type=\"column\">\n\t\t\t<div class=\"elementor-widget-wrap elementor-element-populated\">\n\t\t\t\t\t\t<div class=\"elementor-element elementor-element-362abdb4 elementor-widget elementor-widget-heading\" data-id=\"362abdb4\" data-element_type=\"widget\" data-e-type=\"widget\" data-widget_type=\"heading.default\">\n\t\t\t\t<div class=\"elementor-widget-container\">\n\t\t\t\t\t<h2 class=\"elementor-heading-title elementor-size-default\">Ali po telefonu NON-STOP<\/h2>\t\t\t\t<\/div>\n\t\t\t\t<\/div>\n\t\t\t\t<div class=\"elementor-element elementor-element-75a033b4 elementor-widget elementor-widget-heading\" data-id=\"75a033b4\" data-element_type=\"widget\" data-e-type=\"widget\" data-widget_type=\"heading.default\">\n\t\t\t\t<div class=\"elementor-widget-container\">\n\t\t\t\t\t<h2 class=\"elementor-heading-title elementor-size-default\"><a href=\"tel:+36202879148\">+3620 287 9148<\/a><\/h2>\t\t\t\t<\/div>\n\t\t\t\t<\/div>\n\t\t\t\t\t<\/div>\n\t\t<\/div>\n\t\t\t\t\t<\/div>\n\t\t<\/section>\n\t\t\t\t\t<\/div>\n\t\t<\/div>\n\t\t\t\t\t<\/div>\n\t\t<\/section>\n\t\t\t\t<section class=\"elementor-section elementor-top-section elementor-element elementor-element-bea9fcc elementor-section-boxed elementor-section-height-default elementor-section-height-default\" data-id=\"bea9fcc\" data-element_type=\"section\" data-e-type=\"section\">\n\t\t\t\t\t\t<div class=\"elementor-container elementor-column-gap-default\">\n\t\t\t\t\t<div class=\"elementor-column elementor-col-100 elementor-top-column elementor-element elementor-element-fc5b646\" data-id=\"fc5b646\" data-element_type=\"column\" data-e-type=\"column\">\n\t\t\t<div class=\"elementor-widget-wrap elementor-element-populated\">\n\t\t\t\t\t\t<div class=\"elementor-element elementor-element-6cdf925 elementor-widget elementor-widget-text-editor\" data-id=\"6cdf925\" data-element_type=\"widget\" data-e-type=\"widget\" data-widget_type=\"text-editor.default\">\n\t\t\t\t<div class=\"elementor-widget-container\">\n\t\t\t\t\t\t\t\t\t<p><strong>Splo\u0161ni pogoji (GTC) Teritorialno podro\u010dje uporabe pogodbe:<\/strong><\/p>\n<p>Tukaj navedena pravila veljajo za obmo\u010dje, ograjeno za parkiranje na letali\u0161\u010du. Trajanje pogodbe: Ta pogodba je sklenjena med upravljavcem in stranko (voznikom in njegovimi potniki) za parkiranje, hrambo in varovanje vozila na prostem, prevoz na letali\u0161\u010de in vse druge zahtevane storitve ob upo\u0161tevanju naslednjih splo\u0161nih pogojev in predpisov: prometni predpisi varnostni ukrepi postopki prevoz na letali\u0161\u010de pristojbine razne dolo\u010dbe<\/p>\n<p>Pravila cestnega prometa<\/p>\n<p>Na celotnem letali\u0161kem parkiri\u0161\u010du velja cestnoprometni zakonik z najvi\u0161jo dovoljeno hitrostjo 15 km\/h. Osebje na parkiri\u0161\u010du nadzoruje gibanje in parkiranje vozil. Vozila so lahko shranjena v zaklenjenem stanju z name\u0161\u010deno elektronsko in mehansko za\u0161\u010dito. Prometni predpisi veljajo, dokler vozilo ne zapusti vrat letali\u0161kega parkiri\u0161\u010da.<\/p>\n<p>Varnostni ukrepi<\/p>\n<p>Ob vstopu na parkiri\u0161\u010de upravljavec v skladu z zakonodajo o varstvu podatkov za namene preverjanja, dokazovanja in varnosti, ki so potrebni za uporabo parkiri\u0161\u010da, zabele\u017ei podatke: podatke iz potrdila o registraciji vozila; trenutno stanje vozila, ki ga podpi\u0161eta upravljavec in stranka. Upravljavec bo podatke uporabljal izklju\u010dno za delovanje letali\u0161kega parkiri\u0161\u010da in jih bo hranil 30 dni po prenehanju pogodbe, nato pa jih bo uni\u010dil. Upravljavec lahko podatke in fotografske posnetke razkrije javnim organom samo na njihovo uradno dokumentirano zahtevo in za uradno uporabo, ki je potrebna za delovanje javnega organa. Ob za\u010detku parkiranja bo upravljavec na podlagi zgoraj navedenih dokumentov in evidentiranja podatkov stranki izdal parkirno karto, na kateri bodo navedeni podatki o vozilu in stranki (oseba, ki je navedena na parkirni karti ali jo je ta ustrezno pooblastila, ima pravico prevzeti vozilo po koncu parkiranja). Ob izstopu z vozilom se \u0161teje, da je oseba, ki ima klju\u010de vozila in predlo\u017ei parkirno kartico, stranka, ki ima vozilo v zakoniti posesti, razen \u010de obstaja o\u010diten dvom. Stranka mora parkirno kartico obdr\u017eati in jo po kon\u010danem parkiranju izro\u010diti osebju. \u010ce tega ni, se \u0161teje, da je oseba, ki ima registracijski dokument, upravi\u010dena do prevzema vozila. Upravljavec ni odgovoren za kakr\u0161no koli \u0161kodo ali dodatne stro\u0161ke, ki bi nastali zaradi izgube parkirne kartice. Upravljavec ne odgovarja za umazanijo ali po\u0161kodbe, nastale med skladi\u0161\u010denjem na prostem. Upravljavec ne pregleduje in ne bele\u017ei nobenih stvari, ki so name\u0161\u010dene ali pu\u0161\u010dene v potni\u0161kem in prtlja\u017enem prostoru vozila, zato je izklju\u010dena vsakr\u0161na odgovornost v zvezi s temi stvarmi. Upravljavec ne odgovarja za premo\u017eenje, ki je ostalo v potni\u0161kem in prtlja\u017enem prostoru vozila, zlasti za avdio, video ali telekomunikacijsko in navigacijsko opremo. V parkiranem vozilu se poleg goriva ne sme hraniti nevarnosti po\u017eara ali eksplozije, \u017eivih \u017eivali, zdravju nevarnih snovi, kemikalij, strupenih, pokvarljivih, sevalnih ali drugih \u0161kodljivih snovi ali drugih predmetov, katerih posedovanje je prepovedano z zakonom. \u010ce obstaja tak sum, upravljavec o tem obvesti organ in ravna v skladu z njegovimi navodili. Upravljavec ne odgovarja za nobeno \u0161kodo, ki bi nastala zaradi kr\u0161itve te obveznosti, stranka pa je odgovorna za pla\u010dilo morebitne \u0161kode. V primeru spora glede stanja vozila nosi breme dokazovanja zoper stanje, ki ga je zabele\u017eil upravljavec, stranka. Stro\u0161kov dokazovanja zoper stanje upravljavec ne nosi, tudi \u010de je spor uspe\u0161en.<\/p>\n<p>Storitev letali\u0161kega prevoza<\/p>\n<p>Upravljavec svojim strankam zagotavlja avtobusni prevoz med parkiri\u0161\u010dem ter letali\u0161kima terminaloma Ferihegy 2A in 2\/B. Letali\u0161ki prevoz je brezpla\u010den in za prevoz ni treba pla\u010dati. \u010ce stranka ne \u017eeli uporabljati prevoza, se stro\u0161ki ne spremenijo, saj je prevoz brezpla\u010den. Storitev letali\u0161kega prevoza je na voljo ob prejemu parkirne kartice za zahtevani terminal. Na povratni poti po pristanku letala zahtevo za brezpla\u010den prevoz sporo\u010dite na telefonsko \u0161tevilko, ki je navedena na parkirni kartici. Storitev prevoza bo na zahtevo zagotovil upravljavec. Upravljavec se zavezuje, da bo zagotovil avtobusni prevoz v 0-15 minutah ob prihodu in v 25 minutah ob vrnitvi. \u010cas vo\u017enje med parkiri\u0161\u010dem in terminali je glede na promet pribli\u017eno od 5 do 15 minut. V izklju\u010dnem interesu stranke je, da upo\u0161teva zgornje \u010dasovne zahteve v obsegu, ki je potreben za njeno potovanje. Upravljavec si bo po najbolj\u0161ih mo\u010deh prizadeval, da bodo potniki na letali\u0161\u010de ali parkiri\u0161\u010de prispeli v zgoraj navedenem \u010dasu, vendar ne more biti odgovoren za morebitne neizogibne tehni\u010dne, prometne ali uradne zamude. Zahtevki za dostop do letala so izklju\u010deni. Osebje bo strankam pomagalo pri varnem vkrcanju in izkrcanju ter pri pakiranju prtljage. Operater lahko iz storitve izklju\u010di stranko, ki po njegovi presoji ni sposobna varno potovati (vidno opiti ali alkoholizirani ljudje). Stranka se kot potnik prav tako zavezuje, da bo upo\u0161tevala veljavne prometne predpise in zahteve civiliziranega potovanja.<\/p>\n<p>Tarife<\/p>\n<p>Aktualne cene so na voljo na na\u0161em spletnem mestu ali v na\u0161i pisarni. Stranka pla\u010da parkirnino v gotovini ob odhodu (pla\u010dilo je mogo\u010de v evrih, vendar lahko avtomobil vrnemo v HUF). Stranka potrjuje, da lahko po pla\u010dilu parkirnine zapusti parkiri\u0161\u010de, v primeru spora pa lahko osebje zadr\u017ei avtomobil. V primeru spora glede pla\u010dila stranka ne more ve\u010d uveljavljati zahtevkov za zadr\u017eanje vozila. \u010ce mora vozilo s parkiri\u0161\u010da odstraniti oseba, ki ne more predlo\u017eiti parkirne kartice, upravljavec posebej preu\u010di tudi pravico do odstranitve vozila. Osebje od voznika zahteva, da doka\u017ee svojo identiteto in predlo\u017ei dokument, ki dokazuje lastni\u0161tvo. \u010ce voznik in oseba, navedena v dokumentu, ki dokazuje lastni\u0161tvo, nista ista, je treba predlo\u017eiti tudi izvirnik zasebnega pooblastila z berljivim podpisom in naslovom vsaj dveh pri\u010d. V primeru dvoma ima upravljavec pravico zahtevati uradno ukrepanje, ki ga lahko izvedejo organi, do katerega se lahko vozilo zadr\u017ei. Kakr\u0161en koli neposreden ali posreden zahtevek do upravljavca, ki izhaja iz spora o pravici do razpolaganja z vozilom, je izklju\u010den.<\/p>\n<p>Druge dolo\u010dbe<\/p>\n<p>Obveznost upravljavca: hraniti vozilo, parkirano na parkiri\u0161\u010du, na zunanjem varovanem parkiri\u0161\u010du proti pla\u010dilu, dolo\u010denemu v veljavni tarifi, izro\u010diti vozilo v stanju, v kakr\u0161nem je bilo prevzeto med evidentiranjem podatkov, osebi, ki ima klju\u010de in predlo\u017ei parkirno karto, proti pla\u010dilu parkirnine, zagotoviti varne pogoje za potrebno gibanje vozila na parkiri\u0161\u010du in zagotoviti storitve letali\u0161kega prevoza do terminalov Ferihegy 2\/A in Ferihegy 2\/B v skladu z voznim redom. Stranka je dol\u017ena pla\u010dati pristojbine v skladu z evidenco upravljavca, hraniti parkirno kartico in spo\u0161tovati parkirne predpise. Upravljavec letali\u0161kega parkiri\u0161\u010da nima popolnega nadzora nad obna\u0161anjem posameznikov, razen nad izvajanjem tega pravilnika. Upravljavec ni odgovoren za kakr\u0161no koli \u0161kodo v naravi, \u010de se v celoti upo\u0161tevajo in spo\u0161tujejo zgornja pravila, in ni odgovoren za malomarnost tretjih oseb, zlasti za \u0161kodo, ki jo te povzro\u010dijo namerno in izven njegovega nadzora, vandalizem, krajo, vlom, ne glede na to, ali je tretja oseba na parkiri\u0161\u010du zakonito ali ne. Za zadeve, ki niso urejene s pravilnikom o parkiranju, se uporabljajo ustrezne dolo\u010dbe civilnega zakonika in izvedbene zakonodaje ter druga zakonodaja in predpisi organov, ki veljajo za dejavnosti upravljavca.<\/p>\n<p>Pri pranju va\u0161ega avtomobila bo na\u0161e podjetje prevzelo polno odgovornost, \u010de je povzro\u010ditelj \u0161kode.<\/p>\n<p>\u010ce \u0161kodo povzro\u010di druga oseba, velja obvezno zavarovanje odgovornosti.<\/p>\n<p>1. \u010ce \u017eelite uporabljati avtopralnico, morate klju\u010de avtomobila oddati na parkiri\u0161\u010du.<\/p>\n<p>2. Video posnetek va\u0161ega avtomobila, bele\u017eenje prevo\u017eenih kilometrov<\/p>\n<p>3. \u010ce parkirni prostor naro\u010dite po telefonu, obvestite na\u0161ega sodelavca o pranju, ki ga bo zapisal v polje za pripombe. \u010ce se prijavljate prek spleta, v polje za komentar napi\u0161ite, kak\u0161no pranje \u017eelite in kak\u0161no vrsto avtomobila imate.<\/p>\n<p>Vecs\u00e9s 2013.07.01<\/p>\t\t\t\t\t\t\t\t<\/div>\n\t\t\t\t<\/div>\n\t\t\t\t\t<\/div>\n\t\t<\/div>\n\t\t\t\t\t<\/div>\n\t\t<\/section>\n\t\t\t\t<\/div>","protected":false},"excerpt":{"rendered":"<p>ASZF Felh\u00edvjuk ITT ! Foglal\u00e1s ITT ! Vagy NON-STOP telefonon +3620 287 9148 \u00c1ltal\u00e1nos szerz\u0151d\u00e9si felt\u00e9telek (\u00c1SZF) A szerz\u0151d\u00e9s ter\u00fcleti hat\u00e1lya: Az itt rendezett szab\u00e1lyok a rept\u00e9ri parkol\u00f3 c\u00e9lj\u00e1ra beker\u00edtett ter\u00fcleten \u00e9rv\u00e9nyesek. A szerz\u0151d\u00e9s id\u0151beli hat\u00e1lya: Jelen szerz\u0151d\u00e9s a parkol\u00e1s megkezd\u00e9s\u00e9vel az \u00fczemeltet\u0151 \u00e9s az \u00fcgyfelek (a g\u00e9pj\u00e1rm\u0171 vezet\u0151je \u00e9s utasai) k\u00f6z\u00f6tt j\u00f6n l\u00e9tre a [&hellip;]<\/p>\n","protected":false},"author":1,"featured_media":0,"parent":0,"menu_order":0,"comment_status":"closed","ping_status":"closed","template":"","meta":{"site-sidebar-layout":"no-sidebar","site-content-layout":"page-builder","ast-site-content-layout":"full-width-container","site-content-style":"default","site-sidebar-style":"default","ast-global-header-display":"","ast-banner-title-visibility":"","ast-main-header-display":"","ast-hfb-above-header-display":"","ast-hfb-below-header-display":"","ast-hfb-mobile-header-display":"","site-post-title":"disabled","ast-breadcrumbs-content":"","ast-featured-img":"disabled","footer-sml-layout":"","ast-disable-related-posts":"","theme-transparent-header-meta":"","adv-header-id-meta":"","stick-header-meta":"","header-above-stick-meta":"","header-main-stick-meta":"","header-below-stick-meta":"","astra-migrate-meta-layouts":"set","ast-page-background-enabled":"default","ast-page-background-meta":{"desktop":{"background-color":"","background-image":"","background-repeat":"repeat","background-position":"center center","background-size":"auto","background-attachment":"scroll","background-type":"","background-media":"","overlay-type":"","overlay-color":"","overlay-opacity":"","overlay-gradient":""},"tablet":{"background-color":"","background-image":"","background-repeat":"repeat","background-position":"center center","background-size":"auto","background-attachment":"scroll","background-type":"","background-media":"","overlay-type":"","overlay-color":"","overlay-opacity":"","overlay-gradient":""},"mobile":{"background-color":"","background-image":"","background-repeat":"repeat","background-position":"center center","background-size":"auto","background-attachment":"scroll","background-type":"","background-media":"","overlay-type":"","overlay-color":"","overlay-opacity":"","overlay-gradient":""}},"ast-content-background-meta":{"desktop":{"background-color":"var(--ast-global-color-5)","background-image":"","background-repeat":"repeat","background-position":"center center","background-size":"auto","background-attachment":"scroll","background-type":"","background-media":"","overlay-type":"","overlay-color":"","overlay-opacity":"","overlay-gradient":""},"tablet":{"background-color":"var(--ast-global-color-5)","background-image":"","background-repeat":"repeat","background-position":"center center","background-size":"auto","background-attachment":"scroll","background-type":"","background-media":"","overlay-type":"","overlay-color":"","overlay-opacity":"","overlay-gradient":""},"mobile":{"background-color":"var(--ast-global-color-5)","background-image":"","background-repeat":"repeat","background-position":"center center","background-size":"auto","background-attachment":"scroll","background-type":"","background-media":"","overlay-type":"","overlay-color":"","overlay-opacity":"","overlay-gradient":""}},"footnotes":""},"class_list":["post-1073","page","type-page","status-publish","hentry"],"_links":{"self":[{"href":"https:\/\/parkoljcsendesen.hu\/sl\/wp-json\/wp\/v2\/pages\/1073","targetHints":{"allow":["GET"]}}],"collection":[{"href":"https:\/\/parkoljcsendesen.hu\/sl\/wp-json\/wp\/v2\/pages"}],"about":[{"href":"https:\/\/parkoljcsendesen.hu\/sl\/wp-json\/wp\/v2\/types\/page"}],"author":[{"embeddable":true,"href":"https:\/\/parkoljcsendesen.hu\/sl\/wp-json\/wp\/v2\/users\/1"}],"replies":[{"embeddable":true,"href":"https:\/\/parkoljcsendesen.hu\/sl\/wp-json\/wp\/v2\/comments?post=1073"}],"version-history":[{"count":5,"href":"https:\/\/parkoljcsendesen.hu\/sl\/wp-json\/wp\/v2\/pages\/1073\/revisions"}],"predecessor-version":[{"id":2487,"href":"https:\/\/parkoljcsendesen.hu\/sl\/wp-json\/wp\/v2\/pages\/1073\/revisions\/2487"}],"wp:attachment":[{"href":"https:\/\/parkoljcsendesen.hu\/sl\/wp-json\/wp\/v2\/media?parent=1073"}],"curies":[{"name":"wp","href":"https:\/\/api.w.org\/{rel}","templated":true}]}}