{"id":1080,"date":"2023-12-08T00:54:10","date_gmt":"2023-12-08T00:54:10","guid":{"rendered":"https:\/\/kemenyfej.hu\/?page_id=1080"},"modified":"2024-01-15T06:02:31","modified_gmt":"2024-01-15T06:02:31","slug":"gdpr","status":"publish","type":"page","link":"https:\/\/parkoljcsendesen.hu\/sl\/gdpr\/","title":{"rendered":"GDPR"},"content":{"rendered":"<div data-elementor-type=\"wp-page\" data-elementor-id=\"1080\" class=\"elementor elementor-1080\" data-elementor-post-type=\"page\">\n\t\t\t\t\t\t<section class=\"elementor-section elementor-top-section elementor-element elementor-element-76698d78 elementor-section-stretched elementor-section-boxed elementor-section-height-default elementor-section-height-default\" data-id=\"76698d78\" data-element_type=\"section\" data-e-type=\"section\" data-settings=\"{&quot;background_background&quot;:&quot;classic&quot;,&quot;stretch_section&quot;:&quot;section-stretched&quot;}\">\n\t\t\t\t\t\t<div class=\"elementor-container elementor-column-gap-default\">\n\t\t\t\t\t<div class=\"elementor-column elementor-col-100 elementor-top-column elementor-element elementor-element-1cff941b\" data-id=\"1cff941b\" data-element_type=\"column\" data-e-type=\"column\">\n\t\t\t<div class=\"elementor-widget-wrap\">\n\t\t\t\t\t\t\t<\/div>\n\t\t<\/div>\n\t\t\t\t\t<\/div>\n\t\t<\/section>\n\t\t\t\t<section class=\"elementor-section elementor-top-section elementor-element elementor-element-5e5c9c43 elementor-section-boxed elementor-section-height-default elementor-section-height-default\" data-id=\"5e5c9c43\" data-element_type=\"section\" data-e-type=\"section\" data-settings=\"{&quot;background_background&quot;:&quot;gradient&quot;}\">\n\t\t\t\t\t\t<div class=\"elementor-container elementor-column-gap-default\">\n\t\t\t\t\t<div class=\"elementor-column elementor-col-100 elementor-top-column elementor-element elementor-element-19469bb6\" data-id=\"19469bb6\" data-element_type=\"column\" data-e-type=\"column\">\n\t\t\t<div class=\"elementor-widget-wrap elementor-element-populated\">\n\t\t\t\t\t\t<div class=\"elementor-element elementor-element-40677977 elementor-widget elementor-widget-heading\" data-id=\"40677977\" data-element_type=\"widget\" data-e-type=\"widget\" data-widget_type=\"heading.default\">\n\t\t\t\t<div class=\"elementor-widget-container\">\n\t\t\t\t\t<h2 class=\"elementor-heading-title elementor-size-default\">GDPR<\/h2>\t\t\t\t<\/div>\n\t\t\t\t<\/div>\n\t\t\t\t<section class=\"elementor-section elementor-inner-section elementor-element elementor-element-3322f93 elementor-section-boxed elementor-section-height-default elementor-section-height-default\" data-id=\"3322f93\" data-element_type=\"section\" data-e-type=\"section\">\n\t\t\t\t\t\t<div class=\"elementor-container elementor-column-gap-default\">\n\t\t\t\t\t<div class=\"elementor-column elementor-col-50 elementor-inner-column elementor-element elementor-element-296a9a29\" data-id=\"296a9a29\" data-element_type=\"column\" data-e-type=\"column\">\n\t\t\t<div class=\"elementor-widget-wrap elementor-element-populated\">\n\t\t\t\t\t\t<div class=\"elementor-element elementor-element-67489df0 elementor-widget elementor-widget-button\" data-id=\"67489df0\" data-element_type=\"widget\" data-e-type=\"widget\" data-widget_type=\"button.default\">\n\t\t\t\t<div class=\"elementor-widget-container\">\n\t\t\t\t\t\t\t\t\t<div class=\"elementor-button-wrapper\">\n\t\t\t\t\t<a class=\"elementor-button elementor-button-link elementor-size-sm\" href=\"https:\/\/parkoljcsendesen.hu\/sl\/hivas\/\">\n\t\t\t\t\t\t<span class=\"elementor-button-content-wrapper\">\n\t\t\t\t\t\t\t\t\t<span class=\"elementor-button-text\">Vabimo vas TUKAJ !<\/span>\n\t\t\t\t\t<\/span>\n\t\t\t\t\t<\/a>\n\t\t\t\t<\/div>\n\t\t\t\t\t\t\t\t<\/div>\n\t\t\t\t<\/div>\n\t\t\t\t<div class=\"elementor-element elementor-element-3a288c30 elementor-widget elementor-widget-button\" data-id=\"3a288c30\" data-element_type=\"widget\" data-e-type=\"widget\" data-widget_type=\"button.default\">\n\t\t\t\t<div class=\"elementor-widget-container\">\n\t\t\t\t\t\t\t\t\t<div class=\"elementor-button-wrapper\">\n\t\t\t\t\t<a class=\"elementor-button elementor-button-link elementor-size-sm\" href=\"https:\/\/parkoljcsendesen.hu\/sl\/foglalas\/\">\n\t\t\t\t\t\t<span class=\"elementor-button-content-wrapper\">\n\t\t\t\t\t\t\t\t\t<span class=\"elementor-button-text\">Rezervacija TUKAJ !<\/span>\n\t\t\t\t\t<\/span>\n\t\t\t\t\t<\/a>\n\t\t\t\t<\/div>\n\t\t\t\t\t\t\t\t<\/div>\n\t\t\t\t<\/div>\n\t\t\t\t\t<\/div>\n\t\t<\/div>\n\t\t\t\t<div class=\"elementor-column elementor-col-50 elementor-inner-column elementor-element elementor-element-3451f84c\" data-id=\"3451f84c\" data-element_type=\"column\" data-e-type=\"column\">\n\t\t\t<div class=\"elementor-widget-wrap elementor-element-populated\">\n\t\t\t\t\t\t<div class=\"elementor-element elementor-element-21429bc0 elementor-widget elementor-widget-heading\" data-id=\"21429bc0\" data-element_type=\"widget\" data-e-type=\"widget\" data-widget_type=\"heading.default\">\n\t\t\t\t<div class=\"elementor-widget-container\">\n\t\t\t\t\t<h2 class=\"elementor-heading-title elementor-size-default\">Ali po telefonu NON-STOP<\/h2>\t\t\t\t<\/div>\n\t\t\t\t<\/div>\n\t\t\t\t<div class=\"elementor-element elementor-element-729a6b9e elementor-widget elementor-widget-heading\" data-id=\"729a6b9e\" data-element_type=\"widget\" data-e-type=\"widget\" data-widget_type=\"heading.default\">\n\t\t\t\t<div class=\"elementor-widget-container\">\n\t\t\t\t\t<h2 class=\"elementor-heading-title elementor-size-default\"><a href=\"tel:+36202879148\">+3620 287 9148<\/a><\/h2>\t\t\t\t<\/div>\n\t\t\t\t<\/div>\n\t\t\t\t\t<\/div>\n\t\t<\/div>\n\t\t\t\t\t<\/div>\n\t\t<\/section>\n\t\t\t\t\t<\/div>\n\t\t<\/div>\n\t\t\t\t\t<\/div>\n\t\t<\/section>\n\t\t\t\t<section class=\"elementor-section elementor-top-section elementor-element elementor-element-2083a8d elementor-section-boxed elementor-section-height-default elementor-section-height-default\" data-id=\"2083a8d\" data-element_type=\"section\" data-e-type=\"section\">\n\t\t\t\t\t\t<div class=\"elementor-container elementor-column-gap-default\">\n\t\t\t\t\t<div class=\"elementor-column elementor-col-100 elementor-top-column elementor-element elementor-element-e10806b\" data-id=\"e10806b\" data-element_type=\"column\" data-e-type=\"column\">\n\t\t\t<div class=\"elementor-widget-wrap elementor-element-populated\">\n\t\t\t\t\t\t<div class=\"elementor-element elementor-element-ebfab7b elementor-widget elementor-widget-text-editor\" data-id=\"ebfab7b\" data-element_type=\"widget\" data-e-type=\"widget\" data-widget_type=\"text-editor.default\">\n\t\t\t\t<div class=\"elementor-widget-container\">\n\t\t\t\t\t\t\t\t\t<p>PRAVILNIK O ZASEBNOSTI IN VARSTVU PODATKOV 2018.<\/p><p><br \/>Splo\u0161ne dolo\u010dbe<br \/>Park Quietly Ltd<br \/>(sede\u017e: 2220 Vecs\u00e9s ferenc u 7,<br \/>dav\u010dna \u0161tevilka: 12169272-1-13,<\/p><p><br \/>kot upravljavec podatkov spletnega mesta http:\/\/ parkoljcsendesen.hu, ki ga upravlja, in<br \/>storitve, ki jih zagotavljajo spletne strani, dostopne z drugih naslovov (v nadaljnjem besedilu \u201espletna stran\u201d).<br \/>v zvezi z vso obdelavo podatkov o fizi\u010dnih osebah (\u201estranka\u201c) s strani uporabnika v skladu s tem<br \/>Deluje na podlagi politike in obvestila o zasebnosti in varstvu podatkov. Stranka lahko spletno stran uporablja za<br \/>z dostopom do tega spletnega mesta in njegovo uporabo se strinjate, da vas ti pogoji zavezujejo.<br \/>Politika dolo\u010da obseg osebnih podatkov, ki jih upravljavec obdeluje, in na\u010din obdelave,<br \/>in zagotavljanje skladnosti z ustavnimi na\u010deli varstva in upravljanja podatkov ter varnosti podatkov.<br \/>zahteve za zagotovitev, da je uporabnik fizi\u010dna oseba.<br \/>se pri avtomatizirani obdelavi osebnih podatkov posameznikov, na katere se nana\u0161ajo osebni podatki, spo\u0161tuje njihova zasebnost.<br \/>obdelava ali ravnanje z njimi.<\/p><p><br \/>1. Razlagalne dolo\u010dbe<\/p><p><br \/>1.1.Upravljavec podatkov:<br \/>fizi\u010dna ali pravna oseba ali subjekt brez pravne osebnosti, ki ali<br \/>ki sama ali skupaj z drugimi dolo\u010da namene obdelave podatkov, za obdelavo<br \/>(vklju\u010dno z uporabljenim instrumentom) ali za sprejemanje in izvajanje odlo\u010ditev v zvezi z<br \/>z obdelovalcem podatkov.<\/p><p><br \/>1.2. Upravljanje podatkov:<br \/>katero koli operacijo ali niz operacij s podatki, ne glede na uporabljeni postopek,<br \/>zlasti zbiranje, evidentiranje, zapisovanje, urejanje, shranjevanje, spreminjanje in uporaba,<br \/>iskanje, prenos, razkritje, uskladitev ali kombinacija, blokiranje,<br \/>izbris in uni\u010denje podatkov ter prepre\u010ditev njihove nadaljnje uporabe, fotokopiranja, snemanja, shranjevanja in,<\/p><p>avdio ali video posnetek in fizi\u010dne zna\u010dilnosti, na podlagi katerih je mogo\u010de identificirati osebo (npr. prstni odtisi, odtisi prstov<br \/>ali odtis dlani, vzorec DNK, slika \u0161arenice).<\/p><p>\u00a0<\/p><p>1.3. Osebni podatki:<br \/>podatke, ki jih je mogo\u010de povezati s posameznikom, na katerega se nana\u0161ajo osebni podatki, zlasti ime, identifikacijski znak posameznika, na katerega se nana\u0161ajo osebni podatki, in enega ali ve\u010d<br \/>poznavanje ve\u010d fizi\u010dnih, fiziolo\u0161kih, du\u0161evnih, ekonomskih, kulturnih ali dru\u017ebenih identitet -,<br \/>in sklepanje, ki ga je mogo\u010de izpeljati iz podatkov o posamezniku, na katerega se nana\u0161ajo osebni podatki.<\/p><p><br \/>1.4. Prispevek:<br \/>prostovoljno in izrecno navedbo \u017eelje posameznika, na katerega se nana\u0161ajo osebni podatki, ki temelji na ustreznih informacijah, in<br \/>da nedvoumno privolitev v obdelavo vseh ali nekaterih osebnih podatkov, ki se nana\u0161ajo nanj.<br \/>operacije.<\/p><p><br \/>1.5. Obdelava podatkov:<br \/>za izvajanje tehni\u010dnih nalog, povezanih z obdelavo podatkov, ne glede na<br \/>na\u010din in sredstva, ki se uporabljajo za njeno izvajanje, ter kraj uporabe, \u010de<br \/>na podatkih se opravi tehni\u010dna naloga.<\/p><p><br \/>1.6. Obdelovalec podatkov:<br \/>fizi\u010dna ali pravna oseba ali subjekt brez pravne osebnosti, ki je ali<br \/>na podlagi pogodbe, vklju\u010dno s pogodbo, sklenjeno na podlagi zakonske dolo\u010dbe, podatki<br \/>obdelavo podatkov.<\/p><p><br \/>1.7. Posameznik, na katerega se nana\u0161ajo osebni podatki: vsaka oseba, ki je bila identificirana na podlagi posebnih osebnih podatkov ali - neposredno ali<br \/>posredno - fizi\u010dna oseba, ki jo je mogo\u010de identificirati.<\/p><p><br \/>2. Ime upravljavca Ime organizacije:<br \/>Park tiho Ltd<br \/>Sede\u017e: 2220 vecs\u00e9s Ferenc utca 7<br \/>Dav\u010dna \u0161tevilka organizacije: 12169272-1-13<br \/>E-naslov: info@parkoljcsendesen.hu<br \/>V skladu z oddelkom 65(3)(a) zakona CXII iz leta 2011 organ ne vodi evidence o varstvu podatkov<\/p><p>obdelava podatkov, ki se izvaja v okviru delovnega razmerja, \u010dlanskega razmerja, vrtca<br \/>\u0161tudent ali oseba, ki ima sklenjeno u\u010dno pogodbo, ali \u010dlan \u0161tudentskega doma.<br \/>finan\u010dne institucije, ponudniki javnih storitev, ponudniki elektronskih komunikacijskih storitev ali<br \/>z izjemo svojih strank - oseb v razmerju s strankami.<\/p><p><br \/>3. Fizi\u010dne in pravne osebe, ki so upravi\u010dene do dostopa do podatkov, obdelovalec podatkov:<br \/>Podatke obdeluje vodstvo upravljavca podatkov, kot je opredeljeno v njegovem statutu in<br \/>osebe, ki jih upravni odbor posebej pooblasti, imajo pravico do dostopa do podatkov Upravljavec podatkov ne<br \/>se ne razkrijejo tretjim osebam.<\/p><p><br \/>4. Obseg obdelovanih osebnih podatkov, da se zagotovi, da se osebni podatki obdelujejo le o fizi\u010dnih osebah.<br \/>je mogo\u010de razlagati v povezavi z.<\/p><p><br \/>Spletno mesto zagotavlja tudi vsebino, ki je dostopna vsem uporabnikom interneta brez registracije.<br \/>4.1 Ob rezervaciji parkirnega mesta mora stranka posredovati naslednje osebne podatke<br \/>podatki: - ime stranke, - e-po\u0161tni naslov, - telefonska \u0161tevilka.<\/p><p><br \/>4.2 Podatkovna baza portala parkoljcsendesen.hu (v nadaljevanju: spletna stran) vsebuje podatke stranke, ki jih je posredovala ob rezervaciji.<br \/>brezpla\u010dne storitve, jih upravljavec ne bo prenesel, niti jih ne bo<br \/>ogla\u0161evanje ali za kakr\u0161en koli drug namen brez izrecnega soglasja naro\u010dnika. A<br \/>izpisi s parkiri\u0161\u010da bodo uni\u010deni 24 ur po vrnitvi potnika.<\/p><p><br \/>4.3. Med va\u0161imi obiski spletnega mesta se na va\u0161em ra\u010dunalniku shrani eden ali ve\u010d pi\u0161kotkov - majhnih kosov informacij.<br \/>stre\u017enik po\u0161lje brskalniku, brskalnik pa stre\u017eniku po\u0161lje nazaj vse<br \/>na zahtevo - na ra\u010dunalnik stranke, prek katerega se bodo brskalnik(-i) stranke enkratno prenesli v strankin ra\u010dunalnik.<br \/>bo mogo\u010de prepoznati. Ti pi\u0161kotki se uporabljajo izklju\u010dno za izbolj\u0161anje uporabni\u0161ke izku\u0161nje, postopka prijave<br \/>avtomatizacija in merjenje u\u010dinkovitosti na\u0161ih ogla\u0161evalskih dejavnosti.<\/p><p><br \/>4.4. Ponudnik storitev pri obdelavi osebnih podatkov stranke upo\u0161teva<br \/>dolo\u010dbe zakona CXII iz leta 2011 o pravu.<\/p><p><br \/>4.5 Stranka ima pravico, da kadar koli prepre\u010di obdelavo.<\/p><p><br \/>5. Pravna podlaga, metoda in namen obdelave<\/p><p><br \/>5.1 Pravna podlaga za obdelavo podatkov je prostovoljna privolitev stranke. Soglasje poda stranka, kot je opisano zgoraj.<br \/>v zvezi z obdelavo zadevnih podatkov, potem ko ste prebrali ta pravilnik o zasebnosti.<br \/>z izrecnim sprejetjem pogojev uporabe spletnega mesta z ozna\u010ditvijo ustreznega polja ali z uporabo spletnega mesta<br \/>z registracijo, s prostovoljnim posredovanjem zadevnih podatkov.<\/p><p><br \/>5.2. Namen obdelave podatkov, povezanih s psihoterapijo, zlasti aktivno analizo<br \/>zagotavljanje kontaktnih informacij in obdelavo podatkov, povezanih s tem, ter z delovanjem spletne strani<br \/>druge informacije. Ponudnik storitev lahko podatke, ki jih zagotovi stranka, uporabi za naslednje namene<br \/>shranjene vezane. Z rezervacijo na spletnem mestu stranka sogla\u0161a, da podjetje obdeluje njene osebne podatke.<br \/>za naslednje namene: rezervacija parkirnega mesta.<\/p><p><br \/>5.3. Elektronske po\u0161tne naslove (e-po\u0161tne naslove), ki jih navedete ob registraciji, uporablja<br \/>na\u010din uporabe e-po\u0161tnih naslovov: e-po\u0161tni naslovi se uporabljajo za identifikacijo stranke, za<br \/>se uporablja v komunikacijske namene. Za storitve, ki jih zagotavlja, upravljavec podatkov<br \/>stranki zagotovi ustrezne informacije v elektronski obliki po elektronski po\u0161ti. Upravljavec podatkov obvesti stranko<br \/>na e-po\u0161tni naslov, ki ste ga navedli ob rezervaciji, z va\u0161im izrecnim soglasjem poslali vsebino spletnega mesta in<br \/>sporo\u010dila z informacijami o organizaciji vaj<\/p><p><br \/>5.4. Namen uporabe telefonske \u0161tevilke, ki jo posreduje stranka, s strani upravljavca podatkov je<br \/>za komunikacijske namene.<\/p><p><br \/>5.5 Podatke stranke obdelujemo izklju\u010dno z ra\u010dunalni\u0161ko obdelavo. Spletna stran<br \/>samodejno zabele\u017eene podatke za namene priprave statistike, tehni\u010dnega upravljanja sistema IT.<br \/>razvijanje pravic uporabnikov. Podatki, ki se samodejno bele\u017eijo<br \/>(dnevni\u0161ke datoteke, logfiles) so: dinami\u010dni naslov IP odjemal\u010devega ra\u010dunalnika, odjemal\u010dev<br \/>odvisno od nastavitev ra\u010dunalnika, operacijskega sistema in<br \/>vrsto brskalnika, dejavnost stranke na spletnem mestu. Uporaba teh podatkov<br \/>po eni strani slu\u017ei v tehni\u010dne namene - npr. varno delovanje stre\u017enikov, naknadno testiranje,<br \/>po drugi strani pa lahko upravljavec podatkov te podatke uporabi za zbiranje statisti\u010dnih podatkov o uporabi spletnega mesta, za<\/p><p>za analizo in izbolj\u0161anje kakovosti storitev. Zgornji podatki se uporabljajo za<br \/>in jih ponudnik storitev ne povezuje z drugimi osebnimi podatki.<br \/>skupaj.<\/p><p><br \/>5.6. Za pridobitev neodvisnih podatkov o prometu na spletnem mestu in drugih podatkov spletne analitike<br \/>Programsko opremo Google Analytics uporabljate kot upravljavca podatkov, Google Inc.<br \/>Na\u0161 pravilnik o zasebnosti je na voljo na spletnem mestu https:\/\/google.com\/intl\/h_All\/policies\/privacy. Spletno mesto<br \/>potrjujete, da Google Inc. obdeluje va\u0161e podatke.<br \/>Z uporabo tega spletnega mesta sogla\u0161ate z.<\/p><p><br \/>5.7. Upravljavec osebnih podatkov, ki jih je predlo\u017eil, ne sme uporabljati za druge namene, kot so opisani v teh to\u010dkah.<br \/>lahko uporabite. Razkritje osebnih podatkov tretjim osebam ali javnim organom<br \/>\u010de zakon ne dolo\u010da druga\u010de - s predhodnim izrecnim soglasjem uporabnika.<br \/>mogo\u010de le s soglasjem.<\/p><p><br \/>5.8 Upravljavec ne preverja osebnih podatkov, ki so mu posredovani. Posredovani podatki<br \/>je izklju\u010dno odgovorna oseba, ki ga je zagotovila. Pri posredovanju e-po\u0161tnega naslova za katero koli stranko<br \/>je odgovoren tudi za to, da je edini, ki uporablja navedeni e-po\u0161tni naslov. E<br \/>v zvezi z vsakim dostopom do spletnega mesta z dolo\u010denega e-po\u0161tnega naslova, z<br \/>Odgovornost nosi izklju\u010dno uporabnik, ki je registriral e-po\u0161tni naslov.<\/p><p><br \/>6. Trajanje obdelave<\/p><p><br \/>6.1. Obdelava podatkov, ki jih je treba posredovati med postopkom rezervacije, se za\u010dne s prijavo in traja do njihovega izbrisa.<br \/>tart. V primeru neobveznih podatkov se obdelava za\u010dne v trenutku, ko so podatki posredovani.<br \/>dokler ga ne izbri\u0161ete. Registrirana stranka lahko zahteva spremembo ali izbris podatkov, zabele\u017eenih med registracijo, tako da<br \/>po prijavi v \u201eMoj ra\u010dun\u201d.<\/p><p><br \/>6.2 Zgornje dolo\u010dbe ne posegajo v uporabo naslednjih zakonskih dolo\u010db (npr. ra\u010dunovodskega prava)<br \/>za izpolnjevanje obveznosti ohranjanja.<\/p><p><br \/>7. Kdo je upravi\u010den do seznanitve s podatki<\/p><p><br \/>7.1 Do podatkov lahko dostopajo predvsem upravljavec podatkov ali notranji zaposleni upravljavca podatkov,<br \/>vendar niso objavljeni ali razkriti tretjim osebam.<\/p><p><br \/>7.2 Delovanje osnovnega informacijskega sistema, izpolnjevanje naro\u010dil, ra\u010dunovodstvo<br \/>upravljavec podatkov lahko uporablja storitve obdelovalca podatkov (npr. sistemskega operaterja, ra\u010dunovodje).<br \/>Upravljavec ni odgovoren za prakse upravljanja podatkov teh tretjih oseb.<\/p><p><br \/>7.3. Poleg zgoraj navedenega se lahko prenos osebnih podatkov v zvezi s stranko izvede le<br \/>se lahko izvede v primeru obveznega primera ali s soglasjem stranke.<\/p><p><br \/>8. Pravice stranke<\/p><p><br \/>8.1 Stranka ima pravico kadar koli zahtevati informacije o osebnih podatkih, ki jih v zvezi z njo obdeluje upravljavec podatkov.<br \/>podatkov in jih lahko kadar koli spremenite. Stranka ima tudi pravico zahtevati izbris svojih podatkov z<br \/>s kontaktnimi podatki, navedenimi v tem razdelku.<\/p><p><br \/>8.2. Ponudnik storitev mora stranki na njeno zahtevo posredovati informacije o podatkih, ki jih obdeluje ponudnik storitev v zvezi s stranko, o<br \/>namene, pravno podlago in trajanje obdelave ter kdo in v kak\u0161ne namene prejema ali obdeluje podatke.<br \/>prejeli va\u0161e podatke. Ponudnik storitev v 30 dneh po zahtevi pisno zagotovi<br \/>zaprosil za informacije.<\/p><p><br \/>8.3. Stranka se lahko obrne na upravljavca podatkov s kakr\u0161nimi koli vpra\u0161anji ali pripombami v zvezi z obdelavo podatkov.<br \/>prek zgornjih kontaktnih podatkov.<br \/>Naslov za dopisovanje: 2220 Vecs\u00e9s F\u0151 u 15\/b<br \/>E-naslov: info@parkoljcsendesen.hu<\/p><p><br \/>8.4 Stranka ima pravico kadar koli zahtevati popravek ali izbris nepravilno zapisanih podatkov.<br \/>Stranka lahko popravi nekatere svoje podatke na spletnem mestu; v drugih primerih lahko ponudnik storitev na zahtevo popravi podatke.<br \/>podatke izbri\u0161e v treh delovnih dneh po prejemu, v tem primeru pa ne bodo<br \/>se lahko obnovi. preklic ne velja za izbris informacij, ki jih zahteva zakonodaja (npr. ra\u010dunovodski predpisi)<br \/>obdelave podatkov, jih bo ponudnik storitev hranil za potrebno obdobje.<\/p><p><br \/>8.5 Stranka lahko svoje pravice uveljavlja pred sodi\u0161\u010dem, lahko pa tudi zaprosi za pomo\u010d poobla\u0161\u010denca za varstvo podatkov.<\/p><p>V primeru kr\u0161itve lahko stranka zahteva od\u0161kodnino pri: Uradu poobla\u0161\u010denca za varstvo podatkov (1051 Budimpe\u0161ta,<br \/>N\u00e1dor u. 22.) Nacionalnemu organu za varstvo podatkov in svobodo obve\u0161\u010danja<\/p><p><br \/>8.6. \u010ce je stranka med registracijo za uporabo storitve posredovala podatke tretje osebe<br \/>ali na kakr\u0161en koli na\u010din povzro\u010di \u0161kodo med uporabo spletnega mesta, ima ponudnik storitev pravico, da<br \/>Od\u0161kodninski zahtevek od stranke. V takem primeru si ponudnik storitev po najbolj\u0161ih mo\u010deh prizadeva, da<br \/>pomagati organom pri ugotavljanju identitete osebe, ki je storila kaznivo dejanje.<br \/>za namene.<\/p><p><br \/>9. Druge dolo\u010dbe<\/p><p><br \/>9.1 Sistem ponudnika storitev lahko zbira podatke o dejavnosti uporabnikov, ki jih ni mogo\u010de povezati z.<br \/>z drugimi podatki, ki jih uporabniki posredujejo ob registraciji, niti z drugimi spletnimi mesti ali<br \/>podatki, ki nastanejo, ko uporabljate na\u0161e storitve.<\/p><p><br \/>9.2 V vseh primerih, ko ponudnik storitev uporablja posredovane podatke za namene, ki niso prvotni namen, za katerega so bili podatki zbrani, ponudnik storitev<br \/>za namene, za katere je namenjena, o tem obvestiti uporabnika in pridobiti njegovo predhodno izrecno soglasje.<br \/>ga pridobi ali mu omogo\u010di, da prepove njegovo uporabo.<\/p><p><br \/>9.3 Ponudnik storitev se zavezuje, da bo zagotovil varnost podatkov in sprejel potrebne ukrepe za<br \/>tehni\u010dni ukrepi za zagotovitev varstva zbranih, shranjenih ali obdelanih podatkov.<br \/>ali storili vse, kar je mogo\u010de, da bi prepre\u010dili njihovo uni\u010denje,<br \/>nepoobla\u0161\u010dena uporaba in nepoobla\u0161\u010deno spreminjanje. Prav tako se zavezujete, da boste zagotovili, da bodo vse<br \/>tretje osebe, ki se jim podatki lahko posredujejo ali razkrijejo, prav tako poziva, da<br \/>obveznosti.9.4 Ponudnik storitev si pridr\u017euje pravico, da kadar koli spremeni ali dopolni ta pravilnik brez<br \/>enostransko spremeniti, \u010de vas o tem predhodno obvestimo. Po za\u010detku veljavnosti spremembe lahko stranka<br \/>z uporabo Storitve s posredno uporabo sprejemate pogoje spremenjenih Pravil.<br \/>IZJAVA Upravljavec podatkov potrjuje, da ga ta PRIJAVA zavezuje<br \/>in se zavezuje, da bo zagotovila, da bo obdelava podatkov v zvezi z njenimi storitvami skladna s tem<br \/>zahteve, dolo\u010dene v AVAKASZT.<\/p><p>\u00a0<\/p><p>\u00a0<\/p><p>\u00a0<\/p><p>\u00a0<\/p>\t\t\t\t\t\t\t\t<\/div>\n\t\t\t\t<\/div>\n\t\t\t\t\t<\/div>\n\t\t<\/div>\n\t\t\t\t\t<\/div>\n\t\t<\/section>\n\t\t\t\t<\/div>","protected":false},"excerpt":{"rendered":"<p>GDPR Felh\u00edvjuk ITT ! Foglal\u00e1s ITT ! Vagy NON-STOP telefonon +3620 287 9148 ADATV\u00c9DELMI \u00c9S ADATKEZEL\u00c9SI SZAB\u00c1LYZAT 2018. \u00c1ltal\u00e1nos rendelkez\u00e9sekA Parkolj csendesen Kft(sz\u00e9khelye: 2220 Vecs\u00e9s ferenc u 7,ad\u00f3sz\u00e1m: 12169272-1-13, mint Adatkezel\u0151 az \u00e1ltala \u00fczemeltetett http:\/\/ parkoljcsendesen.hu weboldal \u00e9s az ott meghat\u00e1rozottegy\u00e9b c\u00edmeken el\u00e9rhet\u0151 weboldalak (a tov\u00e1bbiakban: \u201eweboldal\u201d) \u00e1ltal ny\u00fajtott szolg\u00e1ltat\u00e1saihozkapcsol\u00f3d\u00f3an a felhaszn\u00e1l\u00f3 term\u00e9szetes szem\u00e9lyek (\u201e\u00fcgyf\u00e9l\u201c) [&hellip;]<\/p>\n","protected":false},"author":1,"featured_media":0,"parent":0,"menu_order":0,"comment_status":"closed","ping_status":"closed","template":"","meta":{"site-sidebar-layout":"no-sidebar","site-content-layout":"page-builder","ast-site-content-layout":"full-width-container","site-content-style":"default","site-sidebar-style":"default","ast-global-header-display":"","ast-banner-title-visibility":"","ast-main-header-display":"","ast-hfb-above-header-display":"","ast-hfb-below-header-display":"","ast-hfb-mobile-header-display":"","site-post-title":"disabled","ast-breadcrumbs-content":"","ast-featured-img":"disabled","footer-sml-layout":"","ast-disable-related-posts":"","theme-transparent-header-meta":"","adv-header-id-meta":"","stick-header-meta":"","header-above-stick-meta":"","header-main-stick-meta":"","header-below-stick-meta":"","astra-migrate-meta-layouts":"set","ast-page-background-enabled":"default","ast-page-background-meta":{"desktop":{"background-color":"","background-image":"","background-repeat":"repeat","background-position":"center center","background-size":"auto","background-attachment":"scroll","background-type":"","background-media":"","overlay-type":"","overlay-color":"","overlay-opacity":"","overlay-gradient":""},"tablet":{"background-color":"","background-image":"","background-repeat":"repeat","background-position":"center center","background-size":"auto","background-attachment":"scroll","background-type":"","background-media":"","overlay-type":"","overlay-color":"","overlay-opacity":"","overlay-gradient":""},"mobile":{"background-color":"","background-image":"","background-repeat":"repeat","background-position":"center center","background-size":"auto","background-attachment":"scroll","background-type":"","background-media":"","overlay-type":"","overlay-color":"","overlay-opacity":"","overlay-gradient":""}},"ast-content-background-meta":{"desktop":{"background-color":"var(--ast-global-color-5)","background-image":"","background-repeat":"repeat","background-position":"center center","background-size":"auto","background-attachment":"scroll","background-type":"","background-media":"","overlay-type":"","overlay-color":"","overlay-opacity":"","overlay-gradient":""},"tablet":{"background-color":"var(--ast-global-color-5)","background-image":"","background-repeat":"repeat","background-position":"center center","background-size":"auto","background-attachment":"scroll","background-type":"","background-media":"","overlay-type":"","overlay-color":"","overlay-opacity":"","overlay-gradient":""},"mobile":{"background-color":"var(--ast-global-color-5)","background-image":"","background-repeat":"repeat","background-position":"center center","background-size":"auto","background-attachment":"scroll","background-type":"","background-media":"","overlay-type":"","overlay-color":"","overlay-opacity":"","overlay-gradient":""}},"footnotes":""},"class_list":["post-1080","page","type-page","status-publish","hentry"],"_links":{"self":[{"href":"https:\/\/parkoljcsendesen.hu\/sl\/wp-json\/wp\/v2\/pages\/1080","targetHints":{"allow":["GET"]}}],"collection":[{"href":"https:\/\/parkoljcsendesen.hu\/sl\/wp-json\/wp\/v2\/pages"}],"about":[{"href":"https:\/\/parkoljcsendesen.hu\/sl\/wp-json\/wp\/v2\/types\/page"}],"author":[{"embeddable":true,"href":"https:\/\/parkoljcsendesen.hu\/sl\/wp-json\/wp\/v2\/users\/1"}],"replies":[{"embeddable":true,"href":"https:\/\/parkoljcsendesen.hu\/sl\/wp-json\/wp\/v2\/comments?post=1080"}],"version-history":[{"count":5,"href":"https:\/\/parkoljcsendesen.hu\/sl\/wp-json\/wp\/v2\/pages\/1080\/revisions"}],"predecessor-version":[{"id":1647,"href":"https:\/\/parkoljcsendesen.hu\/sl\/wp-json\/wp\/v2\/pages\/1080\/revisions\/1647"}],"wp:attachment":[{"href":"https:\/\/parkoljcsendesen.hu\/sl\/wp-json\/wp\/v2\/media?parent=1080"}],"curies":[{"name":"wp","href":"https:\/\/api.w.org\/{rel}","templated":true}]}}